{"id":6551,"date":"2019-08-07T17:27:51","date_gmt":"2019-08-07T17:27:51","guid":{"rendered":"https:\/\/commparlimage.ca\/garage\/herazz\/?product=sizzix-die-thinlits-elements-de-noel"},"modified":"2024-02-20T08:28:55","modified_gmt":"2024-02-20T13:28:55","slug":"sizzix-die-thinlits-elements-de-noel","status":"publish","type":"product","link":"https:\/\/www.galerie-scrapbooking.com\/en\/produit\/sizzix-die-thinlits-elements-de-noel\/","title":{"rendered":"Sizzix Die Thinlits \u00c9l\u00e9ments de No\u00ebl"},"content":{"rendered":"<p>Sizzix &#8211; Matrices &agrave; d&eacute;coupes (Dies).<\/p>\n<p>&Agrave; utiliser avec la Big Shot, Grand Calibur, Cuttlebug ou autres appareils de d&eacute;coupes qui acceptent ce type de plaque.<\/p>\n<p>10 d&eacute;coupes par paquet<\/p>\n<p>Dimensions approximatives:<\/p>\n<p> 1 5\/8&#8243; x 1\/2&#8243; &#8211; 2 1\/8&#8243; x 3 1\/4&#8243;<\/p>\n","protected":false},"excerpt":{"rendered":"<p>Sizzix Thinlits Die Set 10PK &#8211; Christmas Elements<\/p>\n","protected":false},"featured_media":6552,"template":"","meta":{"_acf_changed":false},"product_brand":[],"product_cat":[87,255],"product_tag":[],"class_list":{"0":"post-6551","1":"product","2":"type-product","3":"status-publish","4":"has-post-thumbnail","6":"product_cat-sizzix","7":"product_cat-matrices-thinlits-framelits-sizzix","8":"pa_brand_nc-sizzix","10":"first","11":"instock","12":"taxable","13":"shipping-taxable","14":"purchasable","15":"product-type-simple"},"acf":[],"aioseo_notices":[],"_links":{"self":[{"href":"https:\/\/www.galerie-scrapbooking.com\/en\/wp-json\/wp\/v2\/product\/6551","targetHints":{"allow":["GET"]}}],"collection":[{"href":"https:\/\/www.galerie-scrapbooking.com\/en\/wp-json\/wp\/v2\/product"}],"about":[{"href":"https:\/\/www.galerie-scrapbooking.com\/en\/wp-json\/wp\/v2\/types\/product"}],"wp:featuredmedia":[{"embeddable":true,"href":"https:\/\/www.galerie-scrapbooking.com\/en\/wp-json\/wp\/v2\/media\/6552"}],"wp:attachment":[{"href":"https:\/\/www.galerie-scrapbooking.com\/en\/wp-json\/wp\/v2\/media?parent=6551"}],"wp:term":[{"taxonomy":"product_brand","embeddable":true,"href":"https:\/\/www.galerie-scrapbooking.com\/en\/wp-json\/wp\/v2\/product_brand?post=6551"},{"taxonomy":"product_cat","embeddable":true,"href":"https:\/\/www.galerie-scrapbooking.com\/en\/wp-json\/wp\/v2\/product_cat?post=6551"},{"taxonomy":"product_tag","embeddable":true,"href":"https:\/\/www.galerie-scrapbooking.com\/en\/wp-json\/wp\/v2\/product_tag?post=6551"}],"curies":[{"name":"wp","href":"https:\/\/api.w.org\/{rel}","templated":true}]}}