{"id":6535,"date":"2019-08-07T12:47:54","date_gmt":"2019-08-07T12:47:54","guid":{"rendered":"https:\/\/commparlimage.ca\/garage\/herazz\/?product=tutti-designs-die-fenetre-hiver-magnifique"},"modified":"2023-12-26T12:36:24","modified_gmt":"2023-12-26T17:36:24","slug":"tutti-designs-die-fenetre-hiver-magnifique","status":"publish","type":"product","link":"https:\/\/www.galerie-scrapbooking.com\/en\/produit\/tutti-designs-die-fenetre-hiver-magnifique\/","title":{"rendered":"Tutti Designs Die Fen\u00eatre Hiver magnifique"},"content":{"rendered":"<p>Tutti Designs matrices de d\u00e9coupes, pour d\u00e9couper parfaitement le papier, facile \u00e0 utiliser avec la Cuttlebug, Big Shot, Grand calibur ou autres machines du m\u00eame genre<\/p>\n<p>Dimensions approximatives:<\/p>\n<p>3.0 x 3.75 pouces<\/p>\n","protected":false},"excerpt":{"rendered":"<p>Dies &#8211; Tutti Designs &#8211; Winter Wonderland Window<\/p>\n","protected":false},"featured_media":6536,"template":"","meta":{"_acf_changed":false},"product_brand":[],"product_cat":[341],"product_tag":[],"class_list":{"0":"post-6535","1":"product","2":"type-product","3":"status-publish","4":"has-post-thumbnail","6":"product_cat-tutti-designs","7":"pa_brand_nc-tutti-designs","9":"first","10":"instock","11":"taxable","12":"shipping-taxable","13":"purchasable","14":"product-type-simple"},"acf":[],"aioseo_notices":[],"_links":{"self":[{"href":"https:\/\/www.galerie-scrapbooking.com\/en\/wp-json\/wp\/v2\/product\/6535","targetHints":{"allow":["GET"]}}],"collection":[{"href":"https:\/\/www.galerie-scrapbooking.com\/en\/wp-json\/wp\/v2\/product"}],"about":[{"href":"https:\/\/www.galerie-scrapbooking.com\/en\/wp-json\/wp\/v2\/types\/product"}],"wp:featuredmedia":[{"embeddable":true,"href":"https:\/\/www.galerie-scrapbooking.com\/en\/wp-json\/wp\/v2\/media\/6536"}],"wp:attachment":[{"href":"https:\/\/www.galerie-scrapbooking.com\/en\/wp-json\/wp\/v2\/media?parent=6535"}],"wp:term":[{"taxonomy":"product_brand","embeddable":true,"href":"https:\/\/www.galerie-scrapbooking.com\/en\/wp-json\/wp\/v2\/product_brand?post=6535"},{"taxonomy":"product_cat","embeddable":true,"href":"https:\/\/www.galerie-scrapbooking.com\/en\/wp-json\/wp\/v2\/product_cat?post=6535"},{"taxonomy":"product_tag","embeddable":true,"href":"https:\/\/www.galerie-scrapbooking.com\/en\/wp-json\/wp\/v2\/product_tag?post=6535"}],"curies":[{"name":"wp","href":"https:\/\/api.w.org\/{rel}","templated":true}]}}