{"id":6488,"date":"2019-07-03T13:29:45","date_gmt":"2019-07-03T13:29:45","guid":{"rendered":"https:\/\/commparlimage.ca\/garage\/herazz\/?product=sizzix-grille-collante-pour-big-shot"},"modified":"2026-04-22T13:49:22","modified_gmt":"2026-04-22T17:49:22","slug":"sizzix-grille-collante-pour-big-shot","status":"publish","type":"product","link":"https:\/\/www.galerie-scrapbooking.com\/en\/produit\/sizzix-grille-collante-pour-big-shot\/","title":{"rendered":"Sizzix Grille collante pour Big Shot"},"content":{"rendered":"<p>l\u00bbL feuille de grille collante Sizzix est parfaitement dimensionn\u00e9e pour contenir de petits Thinlits et Framelits bien en place dans la Big Shot cutting pad.<\/p>\n<p>Il suffit de peler et de coller \u00e0 votre plaque de coupe et les lignes de quadrillage vous indiqueront la voie \u00e0 suivre pour un alignement parfait, en particulier lors de la coupe de lettres, de chiffres, etc.<\/p>\n<p>Pour plus de commodit\u00e9, un adh\u00e9sif temporaire permet d\u2019utiliser la feuille plusieurs fois de chaque c\u00f4t\u00e9. C\u2019est juste assez collant pour adh\u00e9rer \u00e0 vos matrices et \u00e0 votre plateau de coupe, mais votre papier ne sera pas d\u00e9chir\u00e9.<\/p>\n<p>Dimensions de 6.0 x 8.5 pouces.<\/p>\n<p>5 feuilles par paquet.<\/p>\n<p>&nbsp;<\/p>\n<p><iframe loading=\"lazy\" src=\"https:\/\/www.youtube.com\/embed\/R04Ye7G8C9I\" width=\"560\" height=\"315\" frameborder=\"0\" allowfullscreen=\"allowfullscreen\"><\/iframe><\/p>\n<p>&nbsp;<\/p>\n","protected":false},"excerpt":{"rendered":"<p>Sizzix Big Shot Sticky Grid 6&#8243;X8.5&#8243; 5\/Pkg<\/p>\n","protected":false},"featured_media":6489,"template":"","meta":{"_acf_changed":false},"product_brand":[],"product_cat":[315,262,87],"product_tag":[],"class_list":{"0":"post-6488","1":"product","2":"type-product","3":"status-publish","4":"has-post-thumbnail","6":"product_cat-outil-bigshot","7":"product_cat-machine-decoupes","8":"product_cat-sizzix","9":"pa_brand_nc-sizzix","11":"first","12":"instock","13":"taxable","14":"shipping-taxable","15":"purchasable","16":"product-type-simple"},"acf":[],"aioseo_notices":[],"_links":{"self":[{"href":"https:\/\/www.galerie-scrapbooking.com\/en\/wp-json\/wp\/v2\/product\/6488","targetHints":{"allow":["GET"]}}],"collection":[{"href":"https:\/\/www.galerie-scrapbooking.com\/en\/wp-json\/wp\/v2\/product"}],"about":[{"href":"https:\/\/www.galerie-scrapbooking.com\/en\/wp-json\/wp\/v2\/types\/product"}],"wp:featuredmedia":[{"embeddable":true,"href":"https:\/\/www.galerie-scrapbooking.com\/en\/wp-json\/wp\/v2\/media\/6489"}],"wp:attachment":[{"href":"https:\/\/www.galerie-scrapbooking.com\/en\/wp-json\/wp\/v2\/media?parent=6488"}],"wp:term":[{"taxonomy":"product_brand","embeddable":true,"href":"https:\/\/www.galerie-scrapbooking.com\/en\/wp-json\/wp\/v2\/product_brand?post=6488"},{"taxonomy":"product_cat","embeddable":true,"href":"https:\/\/www.galerie-scrapbooking.com\/en\/wp-json\/wp\/v2\/product_cat?post=6488"},{"taxonomy":"product_tag","embeddable":true,"href":"https:\/\/www.galerie-scrapbooking.com\/en\/wp-json\/wp\/v2\/product_tag?post=6488"}],"curies":[{"name":"wp","href":"https:\/\/api.w.org\/{rel}","templated":true}]}}