{"id":6472,"date":"2019-06-19T11:35:38","date_gmt":"2019-06-19T11:35:38","guid":{"rendered":"https:\/\/commparlimage.ca\/garage\/herazz\/?product=yvonne-creations-die-nourriture-estivale"},"modified":"2024-04-29T20:47:00","modified_gmt":"2024-04-30T00:47:00","slug":"yvonne-creations-die-nourriture-estivale","status":"publish","type":"product","link":"https:\/\/www.galerie-scrapbooking.com\/en\/produit\/yvonne-creations-die-nourriture-estivale\/","title":{"rendered":"Yvonne Creations Die Nourriture estivale"},"content":{"rendered":"<p>Yvonne Creations\u00a0d\u00e9coupes, pour d\u00e9couper parfaitement le papier, facile \u00e0 utiliser avec la Cuttlebug, Big Shot, Grand calibur ou autres machines du m\u00eame genre<\/p>\n<p>11.8 x 13.1 cm.<\/p>\n","protected":false},"excerpt":{"rendered":"<p>Dies &#8211; Yvonne Creations &#8211; Big Guys &#8211; Fast food<\/p>\n","protected":false},"featured_media":6473,"template":"","meta":{"_acf_changed":false},"product_brand":[],"product_cat":[286],"product_tag":[],"class_list":{"0":"post-6472","1":"product","2":"type-product","3":"status-publish","4":"has-post-thumbnail","6":"product_cat-yvonne-creation-die","7":"pa_brand_nc-yvonne-creations","9":"first","10":"instock","11":"taxable","12":"shipping-taxable","13":"purchasable","14":"product-type-simple"},"acf":[],"aioseo_notices":[],"_links":{"self":[{"href":"https:\/\/www.galerie-scrapbooking.com\/en\/wp-json\/wp\/v2\/product\/6472","targetHints":{"allow":["GET"]}}],"collection":[{"href":"https:\/\/www.galerie-scrapbooking.com\/en\/wp-json\/wp\/v2\/product"}],"about":[{"href":"https:\/\/www.galerie-scrapbooking.com\/en\/wp-json\/wp\/v2\/types\/product"}],"wp:featuredmedia":[{"embeddable":true,"href":"https:\/\/www.galerie-scrapbooking.com\/en\/wp-json\/wp\/v2\/media\/6473"}],"wp:attachment":[{"href":"https:\/\/www.galerie-scrapbooking.com\/en\/wp-json\/wp\/v2\/media?parent=6472"}],"wp:term":[{"taxonomy":"product_brand","embeddable":true,"href":"https:\/\/www.galerie-scrapbooking.com\/en\/wp-json\/wp\/v2\/product_brand?post=6472"},{"taxonomy":"product_cat","embeddable":true,"href":"https:\/\/www.galerie-scrapbooking.com\/en\/wp-json\/wp\/v2\/product_cat?post=6472"},{"taxonomy":"product_tag","embeddable":true,"href":"https:\/\/www.galerie-scrapbooking.com\/en\/wp-json\/wp\/v2\/product_tag?post=6472"}],"curies":[{"name":"wp","href":"https:\/\/api.w.org\/{rel}","templated":true}]}}