{"id":6447,"date":"2019-05-22T15:28:47","date_gmt":"2019-05-22T15:28:47","guid":{"rendered":"https:\/\/commparlimage.ca\/garage\/herazz\/?product=tonic-studio-easy-clean-mat-14x14"},"modified":"2023-12-23T12:42:38","modified_gmt":"2023-12-23T17:42:38","slug":"tonic-studio-easy-clean-mat-14-x14","status":"publish","type":"product","link":"https:\/\/www.galerie-scrapbooking.com\/en\/produit\/tonic-studio-easy-clean-mat-14-x14\/","title":{"rendered":"Tonic Studio Easy Clean Mat 14&#8243;X14&#8243;"},"content":{"rendered":"<h1>Tonic Easy Clean Mat 14&#8243;X14&#8243;<\/h1>\n<p>Cettte feuille est parfaite pour vos projets de scrapbooking. Anti adh\u00e9sive, r\u00e9sitante \u00e0 la chaleur et facile \u00e0 nettoyer.<\/p>\n<p>Grandeur: 14 X 14 pouces<\/p>\n","protected":false},"excerpt":{"rendered":"<p>Tonic Easy Clean Mat 14&#8243;X14&#8243;<\/p>\n","protected":false},"featured_media":6448,"template":"","meta":{"_acf_changed":false},"product_brand":[],"product_cat":[115,132],"product_tag":[],"class_list":{"0":"post-6447","1":"product","2":"type-product","3":"status-publish","4":"has-post-thumbnail","6":"product_cat-encres-accessoires","7":"product_cat-outils-accessoires-autres","8":"pa_brand_nc-tonic-studios","10":"first","11":"instock","12":"taxable","13":"shipping-taxable","14":"purchasable","15":"product-type-simple"},"acf":[],"aioseo_notices":[],"_links":{"self":[{"href":"https:\/\/www.galerie-scrapbooking.com\/en\/wp-json\/wp\/v2\/product\/6447","targetHints":{"allow":["GET"]}}],"collection":[{"href":"https:\/\/www.galerie-scrapbooking.com\/en\/wp-json\/wp\/v2\/product"}],"about":[{"href":"https:\/\/www.galerie-scrapbooking.com\/en\/wp-json\/wp\/v2\/types\/product"}],"wp:featuredmedia":[{"embeddable":true,"href":"https:\/\/www.galerie-scrapbooking.com\/en\/wp-json\/wp\/v2\/media\/6448"}],"wp:attachment":[{"href":"https:\/\/www.galerie-scrapbooking.com\/en\/wp-json\/wp\/v2\/media?parent=6447"}],"wp:term":[{"taxonomy":"product_brand","embeddable":true,"href":"https:\/\/www.galerie-scrapbooking.com\/en\/wp-json\/wp\/v2\/product_brand?post=6447"},{"taxonomy":"product_cat","embeddable":true,"href":"https:\/\/www.galerie-scrapbooking.com\/en\/wp-json\/wp\/v2\/product_cat?post=6447"},{"taxonomy":"product_tag","embeddable":true,"href":"https:\/\/www.galerie-scrapbooking.com\/en\/wp-json\/wp\/v2\/product_tag?post=6447"}],"curies":[{"name":"wp","href":"https:\/\/api.w.org\/{rel}","templated":true}]}}