{"id":638,"date":"2010-07-12T05:28:09","date_gmt":"2010-07-12T05:28:09","guid":{"rendered":"https:\/\/commparlimage.ca\/garage\/herazz\/?product=feuilles-adhesives-3l-4-x-6"},"modified":"2026-03-02T16:11:56","modified_gmt":"2026-03-02T21:11:56","slug":"feuilles-adhesives-3l-4-x-6","status":"publish","type":"product","link":"https:\/\/www.galerie-scrapbooking.com\/en\/produit\/feuilles-adhesives-3l-4-x-6\/","title":{"rendered":"Feuilles adh\u00e9sives 3L 4&#8243; x 6&#8243;"},"content":{"rendered":"<p>Utilisez des feuilles adh\u00e9sives pour cr\u00e9er vos propres autocollants ou pour ajouter une touche suppl\u00e9mentaire \u00e0 vos cr\u00e9ations en y ajoutant des glitters, foil, microbilles ou autres.<br \/>\n10 Feuilles adh\u00e9sives double-face 4 pouces X 6 pouces approximativement<\/p>\n","protected":false},"excerpt":{"rendered":"<p>Scrapbook Adhesives Permanent Adhesive Sheets 10\/Pkg<\/p>\n","protected":false},"featured_media":639,"template":"","meta":{"_acf_changed":false},"product_brand":[],"product_cat":[43],"product_tag":[],"class_list":{"0":"post-638","1":"product","2":"type-product","3":"status-publish","4":"has-post-thumbnail","6":"product_cat-adhesifs-double-face","7":"pa_brand_nc-scrapbook-adhesive","9":"first","10":"instock","11":"taxable","12":"shipping-taxable","13":"purchasable","14":"product-type-simple"},"acf":[],"aioseo_notices":[],"_links":{"self":[{"href":"https:\/\/www.galerie-scrapbooking.com\/en\/wp-json\/wp\/v2\/product\/638","targetHints":{"allow":["GET"]}}],"collection":[{"href":"https:\/\/www.galerie-scrapbooking.com\/en\/wp-json\/wp\/v2\/product"}],"about":[{"href":"https:\/\/www.galerie-scrapbooking.com\/en\/wp-json\/wp\/v2\/types\/product"}],"wp:featuredmedia":[{"embeddable":true,"href":"https:\/\/www.galerie-scrapbooking.com\/en\/wp-json\/wp\/v2\/media\/639"}],"wp:attachment":[{"href":"https:\/\/www.galerie-scrapbooking.com\/en\/wp-json\/wp\/v2\/media?parent=638"}],"wp:term":[{"taxonomy":"product_brand","embeddable":true,"href":"https:\/\/www.galerie-scrapbooking.com\/en\/wp-json\/wp\/v2\/product_brand?post=638"},{"taxonomy":"product_cat","embeddable":true,"href":"https:\/\/www.galerie-scrapbooking.com\/en\/wp-json\/wp\/v2\/product_cat?post=638"},{"taxonomy":"product_tag","embeddable":true,"href":"https:\/\/www.galerie-scrapbooking.com\/en\/wp-json\/wp\/v2\/product_tag?post=638"}],"curies":[{"name":"wp","href":"https:\/\/api.w.org\/{rel}","templated":true}]}}