{"id":634,"date":"2010-07-12T05:22:52","date_gmt":"2010-07-12T05:22:52","guid":{"rendered":"https:\/\/commparlimage.ca\/garage\/herazz\/?product=carres-3d-250"},"modified":"2026-01-19T13:55:37","modified_gmt":"2026-01-19T18:55:37","slug":"carre-3d-250","status":"publish","type":"product","link":"https:\/\/www.galerie-scrapbooking.com\/en\/produit\/carre-3d-250\/","title":{"rendered":"Carr\u00e9s 3D .250"},"content":{"rendered":"<h1>Adh\u00e9sif Carr\u00e9s 3D .250<\/h1>\n<p>Les carr\u00e9s adh\u00e9sif 3D permettent de soulever vos papiers, cartons, embellissements afin de donner de la dimension \u00e0 vos pages, cartes ou autres projets de scrapbooking. Contient: 308 Carr\u00e9s d&#8217;adh\u00e9sifs 3D .250 pouce X .250 pouce<\/p>\n","protected":false},"excerpt":{"rendered":"<p>308 Carr\u00e9s d&#8217;adh\u00e9sifs 3D .250 pouce X .250 pouce<\/p>\n","protected":false},"featured_media":635,"template":"","meta":{"_acf_changed":false},"product_brand":[],"product_cat":[44],"product_tag":[],"class_list":{"0":"post-634","1":"product","2":"type-product","3":"status-publish","4":"has-post-thumbnail","6":"product_cat-adhesifs-3d","7":"pa_brand_nc-scrapbook-adhesive","9":"first","10":"instock","11":"taxable","12":"shipping-taxable","13":"purchasable","14":"product-type-simple"},"acf":[],"aioseo_notices":[],"_links":{"self":[{"href":"https:\/\/www.galerie-scrapbooking.com\/en\/wp-json\/wp\/v2\/product\/634","targetHints":{"allow":["GET"]}}],"collection":[{"href":"https:\/\/www.galerie-scrapbooking.com\/en\/wp-json\/wp\/v2\/product"}],"about":[{"href":"https:\/\/www.galerie-scrapbooking.com\/en\/wp-json\/wp\/v2\/types\/product"}],"wp:featuredmedia":[{"embeddable":true,"href":"https:\/\/www.galerie-scrapbooking.com\/en\/wp-json\/wp\/v2\/media\/635"}],"wp:attachment":[{"href":"https:\/\/www.galerie-scrapbooking.com\/en\/wp-json\/wp\/v2\/media?parent=634"}],"wp:term":[{"taxonomy":"product_brand","embeddable":true,"href":"https:\/\/www.galerie-scrapbooking.com\/en\/wp-json\/wp\/v2\/product_brand?post=634"},{"taxonomy":"product_cat","embeddable":true,"href":"https:\/\/www.galerie-scrapbooking.com\/en\/wp-json\/wp\/v2\/product_cat?post=634"},{"taxonomy":"product_tag","embeddable":true,"href":"https:\/\/www.galerie-scrapbooking.com\/en\/wp-json\/wp\/v2\/product_tag?post=634"}],"curies":[{"name":"wp","href":"https:\/\/api.w.org\/{rel}","templated":true}]}}