{"id":628,"date":"2010-07-12T04:59:28","date_gmt":"2010-07-12T04:59:28","guid":{"rendered":"https:\/\/commparlimage.ca\/garage\/herazz\/?product=quickie-glue"},"modified":"2026-04-02T09:26:50","modified_gmt":"2026-04-02T13:26:50","slug":"quickie-glue","status":"publish","type":"product","link":"https:\/\/www.galerie-scrapbooking.com\/en\/produit\/quickie-glue\/","title":{"rendered":"Quickie Glue"},"content":{"rendered":"<p>Adh\u00e9sif en crayon Quickie Glue de Sakura (\u00e0 bille). Plus besoin de secouer ou presser, vous pouvez dessiner ou \u00e9crire ce que vous voulez et ajouter du glitter (Glitter Ritz ou Art glitter), un adh\u00e9sif de scrapbooking g\u00e9nial!<\/p>\n","protected":false},"excerpt":{"rendered":"<p>Adh\u00e9sif en crayon<\/p>\n","protected":false},"featured_media":629,"template":"","meta":{"_acf_changed":false},"product_brand":[],"product_cat":[45],"product_tag":[],"class_list":{"0":"post-628","1":"product","2":"type-product","3":"status-publish","4":"has-post-thumbnail","6":"product_cat-adhesifs-autres","7":"pa_brand_nc-sakura","9":"first","10":"instock","11":"taxable","12":"shipping-taxable","13":"purchasable","14":"product-type-simple"},"acf":[],"aioseo_notices":[],"_links":{"self":[{"href":"https:\/\/www.galerie-scrapbooking.com\/en\/wp-json\/wp\/v2\/product\/628","targetHints":{"allow":["GET"]}}],"collection":[{"href":"https:\/\/www.galerie-scrapbooking.com\/en\/wp-json\/wp\/v2\/product"}],"about":[{"href":"https:\/\/www.galerie-scrapbooking.com\/en\/wp-json\/wp\/v2\/types\/product"}],"wp:featuredmedia":[{"embeddable":true,"href":"https:\/\/www.galerie-scrapbooking.com\/en\/wp-json\/wp\/v2\/media\/629"}],"wp:attachment":[{"href":"https:\/\/www.galerie-scrapbooking.com\/en\/wp-json\/wp\/v2\/media?parent=628"}],"wp:term":[{"taxonomy":"product_brand","embeddable":true,"href":"https:\/\/www.galerie-scrapbooking.com\/en\/wp-json\/wp\/v2\/product_brand?post=628"},{"taxonomy":"product_cat","embeddable":true,"href":"https:\/\/www.galerie-scrapbooking.com\/en\/wp-json\/wp\/v2\/product_cat?post=628"},{"taxonomy":"product_tag","embeddable":true,"href":"https:\/\/www.galerie-scrapbooking.com\/en\/wp-json\/wp\/v2\/product_tag?post=628"}],"curies":[{"name":"wp","href":"https:\/\/api.w.org\/{rel}","templated":true}]}}