{"id":6270,"date":"2019-04-10T13:56:05","date_gmt":"2019-04-10T13:56:05","guid":{"rendered":"https:\/\/commparlimage.ca\/garage\/herazz\/?product=kuretake-gansai-tambi-peinture-aquarelle"},"modified":"2024-04-09T14:24:59","modified_gmt":"2024-04-09T18:24:59","slug":"kuretake-gansai-tambi-peinture-aquarelle-couleurs-perlees-1","status":"publish","type":"product","link":"https:\/\/www.galerie-scrapbooking.com\/en\/produit\/kuretake-gansai-tambi-peinture-aquarelle-couleurs-perlees-1\/","title":{"rendered":"Kuretake Gansai Tambi Peinture Aquarelle"},"content":{"rendered":"<h1>Peinture Aquarelle\u00a0Kuretake Gansai Tambi<\/h1>\n<p>La peinture aquarelle Kuretake Gansai Tambi est sp\u00e9cialement riche et opaque.<\/p>\n<p>Peinture aquarelle traditionnelle japonaise pour professionnelles, bricoleuses ou scrapbookeuses.<\/p>\n<p>Cet ensemble de peinture Aquarelle est de tr\u00e8s grande qualit\u00e9, id\u00e9al pour colorier vos \u00e9tampes de fleurs!<\/p>\n<p>Pigments \u00e0 base d&#8217;eau.<\/p>\n<p>Chaque ensemble contient 36 couleurs assorties:<\/p>\n","protected":false},"excerpt":{"rendered":"<p>Kuretake Gansai Tambi 36 Color Set<\/p>\n","protected":false},"featured_media":6271,"template":"","meta":{"_acf_changed":false},"product_brand":[],"product_cat":[273,103],"product_tag":[],"class_list":{"0":"post-6270","1":"product","2":"type-product","3":"status-publish","4":"has-post-thumbnail","6":"product_cat-peinture-aquarelle-watercolor","7":"product_cat-paint-dabber","8":"pa_brand_nc-autres","10":"first","11":"instock","12":"taxable","13":"shipping-taxable","14":"purchasable","15":"product-type-simple"},"acf":[],"aioseo_notices":[],"_links":{"self":[{"href":"https:\/\/www.galerie-scrapbooking.com\/en\/wp-json\/wp\/v2\/product\/6270","targetHints":{"allow":["GET"]}}],"collection":[{"href":"https:\/\/www.galerie-scrapbooking.com\/en\/wp-json\/wp\/v2\/product"}],"about":[{"href":"https:\/\/www.galerie-scrapbooking.com\/en\/wp-json\/wp\/v2\/types\/product"}],"wp:featuredmedia":[{"embeddable":true,"href":"https:\/\/www.galerie-scrapbooking.com\/en\/wp-json\/wp\/v2\/media\/6271"}],"wp:attachment":[{"href":"https:\/\/www.galerie-scrapbooking.com\/en\/wp-json\/wp\/v2\/media?parent=6270"}],"wp:term":[{"taxonomy":"product_brand","embeddable":true,"href":"https:\/\/www.galerie-scrapbooking.com\/en\/wp-json\/wp\/v2\/product_brand?post=6270"},{"taxonomy":"product_cat","embeddable":true,"href":"https:\/\/www.galerie-scrapbooking.com\/en\/wp-json\/wp\/v2\/product_cat?post=6270"},{"taxonomy":"product_tag","embeddable":true,"href":"https:\/\/www.galerie-scrapbooking.com\/en\/wp-json\/wp\/v2\/product_tag?post=6270"}],"curies":[{"name":"wp","href":"https:\/\/api.w.org\/{rel}","templated":true}]}}