{"id":6241,"date":"2019-03-21T17:42:13","date_gmt":"2019-03-21T17:42:13","guid":{"rendered":"https:\/\/commparlimage.ca\/garage\/herazz\/?product=tim-holtz-distress-stickles-dry-glitter-rock-candy"},"modified":"2025-02-24T11:46:02","modified_gmt":"2025-02-24T16:46:02","slug":"tim-holtz-distress-stickles-dry-glitter-rock-candy","status":"publish","type":"product","link":"https:\/\/www.galerie-scrapbooking.com\/en\/produit\/tim-holtz-distress-stickles-dry-glitter-rock-candy\/","title":{"rendered":"Tim Holtz Distress Stickles Dry Glitter Rock Candy"},"content":{"rendered":"<h1>Tim Holtz Distress Stickles Dry Glitter Rock Candy<\/h1>\n<p>Une combinaison unique de nostalgie sur un effet m\u00e9tallique qui ajoutera une touche de brillance \u00e0 vos projets de scrapbboking.<\/p>\n<p>Adh\u00e8re sur la poudre \u00e0 embossage Sticky, Glossy Accent ou tout autre adh\u00e9sif pour ajouter un effet glitter .<\/p>\n","protected":false},"excerpt":{"rendered":"<p>Tim Holtz Distress Stickles Dry Glitter 3oz<\/p>\n","protected":false},"featured_media":6242,"template":"","meta":{"_acf_changed":false},"product_brand":[],"product_cat":[206],"product_tag":[],"class_list":{"0":"post-6241","1":"product","2":"type-product","3":"status-publish","4":"has-post-thumbnail","6":"product_cat-stickles-dry-fine-glitter","7":"pa_brand_nc-ranger","9":"first","10":"instock","11":"taxable","12":"shipping-taxable","13":"purchasable","14":"product-type-simple"},"acf":[],"aioseo_notices":[],"_links":{"self":[{"href":"https:\/\/www.galerie-scrapbooking.com\/en\/wp-json\/wp\/v2\/product\/6241","targetHints":{"allow":["GET"]}}],"collection":[{"href":"https:\/\/www.galerie-scrapbooking.com\/en\/wp-json\/wp\/v2\/product"}],"about":[{"href":"https:\/\/www.galerie-scrapbooking.com\/en\/wp-json\/wp\/v2\/types\/product"}],"wp:featuredmedia":[{"embeddable":true,"href":"https:\/\/www.galerie-scrapbooking.com\/en\/wp-json\/wp\/v2\/media\/6242"}],"wp:attachment":[{"href":"https:\/\/www.galerie-scrapbooking.com\/en\/wp-json\/wp\/v2\/media?parent=6241"}],"wp:term":[{"taxonomy":"product_brand","embeddable":true,"href":"https:\/\/www.galerie-scrapbooking.com\/en\/wp-json\/wp\/v2\/product_brand?post=6241"},{"taxonomy":"product_cat","embeddable":true,"href":"https:\/\/www.galerie-scrapbooking.com\/en\/wp-json\/wp\/v2\/product_cat?post=6241"},{"taxonomy":"product_tag","embeddable":true,"href":"https:\/\/www.galerie-scrapbooking.com\/en\/wp-json\/wp\/v2\/product_tag?post=6241"}],"curies":[{"name":"wp","href":"https:\/\/api.w.org\/{rel}","templated":true}]}}