{"id":624,"date":"2010-07-12T04:06:15","date_gmt":"2010-07-12T04:06:15","guid":{"rendered":"https:\/\/commparlimage.ca\/garage\/herazz\/?product=tape-double-face-20mm"},"modified":"2025-11-13T14:33:05","modified_gmt":"2025-11-13T19:33:05","slug":"tape-double-face-20mm","status":"publish","type":"product","link":"https:\/\/www.galerie-scrapbooking.com\/en\/produit\/tape-double-face-20mm\/","title":{"rendered":"Tape Double Face 20mm."},"content":{"rendered":"<h1>Be Creative Tape Double Face 20mm.<\/h1>\n<p>Adh\u00e9sif double face d&#8217;une longueur de 25 m\u00e8tres, r\u00e9sistant \u00e0 la chaleur, il colle tr\u00e8s bien. Id\u00e9al pour le scrapbooking! Un adh\u00e9sif \u00e9conomique et durable!<\/p>\n","protected":false},"excerpt":{"rendered":"<p>Be Creative adh\u00e9sif double face 20mm.<\/p>\n","protected":false},"featured_media":625,"template":"","meta":{"_acf_changed":false},"product_brand":[],"product_cat":[43],"product_tag":[],"class_list":{"0":"post-624","1":"product","2":"type-product","3":"status-publish","4":"has-post-thumbnail","6":"product_cat-adhesifs-double-face","7":"pa_brand_nc-be-creative","9":"first","10":"instock","11":"taxable","12":"shipping-taxable","13":"purchasable","14":"product-type-simple"},"acf":[],"aioseo_notices":[],"_links":{"self":[{"href":"https:\/\/www.galerie-scrapbooking.com\/en\/wp-json\/wp\/v2\/product\/624","targetHints":{"allow":["GET"]}}],"collection":[{"href":"https:\/\/www.galerie-scrapbooking.com\/en\/wp-json\/wp\/v2\/product"}],"about":[{"href":"https:\/\/www.galerie-scrapbooking.com\/en\/wp-json\/wp\/v2\/types\/product"}],"wp:featuredmedia":[{"embeddable":true,"href":"https:\/\/www.galerie-scrapbooking.com\/en\/wp-json\/wp\/v2\/media\/625"}],"wp:attachment":[{"href":"https:\/\/www.galerie-scrapbooking.com\/en\/wp-json\/wp\/v2\/media?parent=624"}],"wp:term":[{"taxonomy":"product_brand","embeddable":true,"href":"https:\/\/www.galerie-scrapbooking.com\/en\/wp-json\/wp\/v2\/product_brand?post=624"},{"taxonomy":"product_cat","embeddable":true,"href":"https:\/\/www.galerie-scrapbooking.com\/en\/wp-json\/wp\/v2\/product_cat?post=624"},{"taxonomy":"product_tag","embeddable":true,"href":"https:\/\/www.galerie-scrapbooking.com\/en\/wp-json\/wp\/v2\/product_tag?post=624"}],"curies":[{"name":"wp","href":"https:\/\/api.w.org\/{rel}","templated":true}]}}