{"id":6208,"date":"2019-03-07T15:05:33","date_gmt":"2019-03-07T15:05:33","guid":{"rendered":"https:\/\/commparlimage.ca\/garage\/herazz\/?product=alcohol-ink-blending-solution-05-oz"},"modified":"2025-08-06T16:48:00","modified_gmt":"2025-08-06T20:48:00","slug":"alcohol-ink-blending-solution-0-5-oz","status":"publish","type":"product","link":"https:\/\/www.galerie-scrapbooking.com\/en\/produit\/alcohol-ink-blending-solution-0-5-oz\/","title":{"rendered":"Alcohol Ink Blending Solution 0.5 oz"},"content":{"rendered":"<h1>Alcohol Ink Blending Solution 0.5 oz<\/h1>\n<p>La solution blending vous aide \u00e0 enlever la couleur si vous vous \u00eates tromp\u00e9es. Elle permet aussi de diluer vos encres \u00e0 alcohol. Ajoutez quelques gouttes de Blending Solution \u00e0 l&#8217;alcohol ink pour m\u00e9langer les couleurs sur papier Yupo pour alcohol ink.<\/p>\n<p>NOTE: Ne jamais vaporiser l&#8217;Alcohol Blending Solution, les vapeurs en vaporisation pourrait \u00eatre nocives.<\/p>\n","protected":false},"excerpt":{"rendered":"<p>Tim Holtz Alcohol Ink Blending Solution 0.5oz<\/p>\n","protected":false},"featured_media":6209,"template":"","meta":{"_acf_changed":false},"product_brand":[],"product_cat":[114,335],"product_tag":[],"class_list":{"0":"post-6208","1":"product","2":"type-product","3":"status-publish","4":"has-post-thumbnail","6":"product_cat-alcohol-ink","7":"product_cat-alcohol-pearl","8":"pa_brand_nc-ranger","10":"first","11":"instock","12":"taxable","13":"shipping-taxable","14":"purchasable","15":"product-type-simple"},"acf":[],"aioseo_notices":[],"_links":{"self":[{"href":"https:\/\/www.galerie-scrapbooking.com\/en\/wp-json\/wp\/v2\/product\/6208","targetHints":{"allow":["GET"]}}],"collection":[{"href":"https:\/\/www.galerie-scrapbooking.com\/en\/wp-json\/wp\/v2\/product"}],"about":[{"href":"https:\/\/www.galerie-scrapbooking.com\/en\/wp-json\/wp\/v2\/types\/product"}],"wp:featuredmedia":[{"embeddable":true,"href":"https:\/\/www.galerie-scrapbooking.com\/en\/wp-json\/wp\/v2\/media\/6209"}],"wp:attachment":[{"href":"https:\/\/www.galerie-scrapbooking.com\/en\/wp-json\/wp\/v2\/media?parent=6208"}],"wp:term":[{"taxonomy":"product_brand","embeddable":true,"href":"https:\/\/www.galerie-scrapbooking.com\/en\/wp-json\/wp\/v2\/product_brand?post=6208"},{"taxonomy":"product_cat","embeddable":true,"href":"https:\/\/www.galerie-scrapbooking.com\/en\/wp-json\/wp\/v2\/product_cat?post=6208"},{"taxonomy":"product_tag","embeddable":true,"href":"https:\/\/www.galerie-scrapbooking.com\/en\/wp-json\/wp\/v2\/product_tag?post=6208"}],"curies":[{"name":"wp","href":"https:\/\/api.w.org\/{rel}","templated":true}]}}