{"id":620,"date":"2010-07-12T03:59:38","date_gmt":"2010-07-12T03:59:38","guid":{"rendered":"https:\/\/commparlimage.ca\/garage\/herazz\/?product=tape-double-face-12mm"},"modified":"2026-04-20T13:42:17","modified_gmt":"2026-04-20T17:42:17","slug":"tape-double-face-12mm","status":"publish","type":"product","link":"https:\/\/www.galerie-scrapbooking.com\/en\/produit\/tape-double-face-12mm\/","title":{"rendered":"Tape double Face 12mm."},"content":{"rendered":"<h1>Be Creative Tape Double Face 12mm.<\/h1>\n<p>Adh\u00e9sif double face d&#8217;une longueur de 25 m\u00e8tres, r\u00e9sistant \u00e0 la chaleur, il colle tr\u00e8s bien. Id\u00e9al pour le scrapbooking! Un adh\u00e9sif \u00e9conomique et durable!<\/p>\n","protected":false},"excerpt":{"rendered":"<p>Be Creative adh\u00e9sif double face 12mm.<\/p>\n","protected":false},"featured_media":621,"template":"","meta":{"_acf_changed":false},"product_brand":[],"product_cat":[43],"product_tag":[],"class_list":{"0":"post-620","1":"product","2":"type-product","3":"status-publish","4":"has-post-thumbnail","6":"product_cat-adhesifs-double-face","7":"pa_brand_nc-be-creative","9":"first","10":"instock","11":"taxable","12":"shipping-taxable","13":"purchasable","14":"product-type-simple"},"acf":[],"aioseo_notices":[],"_links":{"self":[{"href":"https:\/\/www.galerie-scrapbooking.com\/en\/wp-json\/wp\/v2\/product\/620","targetHints":{"allow":["GET"]}}],"collection":[{"href":"https:\/\/www.galerie-scrapbooking.com\/en\/wp-json\/wp\/v2\/product"}],"about":[{"href":"https:\/\/www.galerie-scrapbooking.com\/en\/wp-json\/wp\/v2\/types\/product"}],"wp:featuredmedia":[{"embeddable":true,"href":"https:\/\/www.galerie-scrapbooking.com\/en\/wp-json\/wp\/v2\/media\/621"}],"wp:attachment":[{"href":"https:\/\/www.galerie-scrapbooking.com\/en\/wp-json\/wp\/v2\/media?parent=620"}],"wp:term":[{"taxonomy":"product_brand","embeddable":true,"href":"https:\/\/www.galerie-scrapbooking.com\/en\/wp-json\/wp\/v2\/product_brand?post=620"},{"taxonomy":"product_cat","embeddable":true,"href":"https:\/\/www.galerie-scrapbooking.com\/en\/wp-json\/wp\/v2\/product_cat?post=620"},{"taxonomy":"product_tag","embeddable":true,"href":"https:\/\/www.galerie-scrapbooking.com\/en\/wp-json\/wp\/v2\/product_tag?post=620"}],"curies":[{"name":"wp","href":"https:\/\/api.w.org\/{rel}","templated":true}]}}