{"id":614,"date":"2010-07-12T03:56:01","date_gmt":"2010-07-12T03:56:01","guid":{"rendered":"https:\/\/commparlimage.ca\/garage\/herazz\/?product=tape-double-face-3mm"},"modified":"2026-04-20T13:42:17","modified_gmt":"2026-04-20T17:42:17","slug":"tape-double-face-3mm","status":"publish","type":"product","link":"https:\/\/www.galerie-scrapbooking.com\/en\/produit\/tape-double-face-3mm\/","title":{"rendered":"Tape Double Face 3mm."},"content":{"rendered":"<h1>Tape Double Face 3mm.<\/h1>\n<p>Be Creative Tape Double Face 3mm. Adh\u00e9sif double face d&#8217;une longueur de 25 m\u00e8tres, r\u00e9sistant \u00e0 la chaleur, il colle tr\u00e8s bien. Id\u00e9al pour le scrapbooking! Un adh\u00e9sif \u00e9conomique et durable!<\/p>\n","protected":false},"excerpt":{"rendered":"<p>Be Creative Adh\u00e9sif Double Face 3mm.<\/p>\n","protected":false},"featured_media":615,"template":"","meta":{"_acf_changed":false},"product_brand":[],"product_cat":[43],"product_tag":[],"class_list":{"0":"post-614","1":"product","2":"type-product","3":"status-publish","4":"has-post-thumbnail","6":"product_cat-adhesifs-double-face","7":"pa_brand_nc-be-creative","9":"first","10":"instock","11":"taxable","12":"shipping-taxable","13":"purchasable","14":"product-type-simple"},"acf":[],"aioseo_notices":[],"_links":{"self":[{"href":"https:\/\/www.galerie-scrapbooking.com\/en\/wp-json\/wp\/v2\/product\/614","targetHints":{"allow":["GET"]}}],"collection":[{"href":"https:\/\/www.galerie-scrapbooking.com\/en\/wp-json\/wp\/v2\/product"}],"about":[{"href":"https:\/\/www.galerie-scrapbooking.com\/en\/wp-json\/wp\/v2\/types\/product"}],"wp:featuredmedia":[{"embeddable":true,"href":"https:\/\/www.galerie-scrapbooking.com\/en\/wp-json\/wp\/v2\/media\/615"}],"wp:attachment":[{"href":"https:\/\/www.galerie-scrapbooking.com\/en\/wp-json\/wp\/v2\/media?parent=614"}],"wp:term":[{"taxonomy":"product_brand","embeddable":true,"href":"https:\/\/www.galerie-scrapbooking.com\/en\/wp-json\/wp\/v2\/product_brand?post=614"},{"taxonomy":"product_cat","embeddable":true,"href":"https:\/\/www.galerie-scrapbooking.com\/en\/wp-json\/wp\/v2\/product_cat?post=614"},{"taxonomy":"product_tag","embeddable":true,"href":"https:\/\/www.galerie-scrapbooking.com\/en\/wp-json\/wp\/v2\/product_tag?post=614"}],"curies":[{"name":"wp","href":"https:\/\/api.w.org\/{rel}","templated":true}]}}