{"id":6111,"date":"2019-02-20T18:25:14","date_gmt":"2019-02-20T18:25:14","guid":{"rendered":"https:\/\/commparlimage.ca\/garage\/herazz\/?product=distress-archival-mini-ink-ensemble-3"},"modified":"2024-04-16T14:49:58","modified_gmt":"2024-04-16T18:49:58","slug":"distress-archival-mini-ink-ensemble-3","status":"publish","type":"product","link":"https:\/\/www.galerie-scrapbooking.com\/en\/produit\/distress-archival-mini-ink-ensemble-3\/","title":{"rendered":"Distress Archival Mini Ink Ensemble #3"},"content":{"rendered":"<p>Avec cette encre, vous obtiendrez un r\u00e9sultat durable. Elle ne d\u00e9t\u00e9riorera pas votre papier ou vos photographies. Elle est r\u00e9sistante \u00e0 l&#8217;eau (waterproof), d&#8217;encre \u00e0 base d&#8217;eau ou de marqueurs.<\/p>\n<p>Couleurs:<\/p>\n<p>Hickory Smoke &#8211; Vintage Photo &#8211; Ground Espresso &#8211; Black Soot<\/p>\n","protected":false},"excerpt":{"rendered":"<p>Tim Holtz Distress Archival Mini Ink Kit<\/p>\n","protected":false},"featured_media":6112,"template":"","meta":{"_acf_changed":false},"product_brand":[],"product_cat":[336],"product_tag":[],"class_list":{"0":"post-6111","1":"product","2":"type-product","3":"status-publish","4":"has-post-thumbnail","6":"product_cat-distress-archival-mini","7":"pa_brand_nc-ranger","9":"first","10":"instock","11":"taxable","12":"shipping-taxable","13":"purchasable","14":"product-type-simple"},"acf":[],"aioseo_notices":[],"_links":{"self":[{"href":"https:\/\/www.galerie-scrapbooking.com\/en\/wp-json\/wp\/v2\/product\/6111","targetHints":{"allow":["GET"]}}],"collection":[{"href":"https:\/\/www.galerie-scrapbooking.com\/en\/wp-json\/wp\/v2\/product"}],"about":[{"href":"https:\/\/www.galerie-scrapbooking.com\/en\/wp-json\/wp\/v2\/types\/product"}],"wp:featuredmedia":[{"embeddable":true,"href":"https:\/\/www.galerie-scrapbooking.com\/en\/wp-json\/wp\/v2\/media\/6112"}],"wp:attachment":[{"href":"https:\/\/www.galerie-scrapbooking.com\/en\/wp-json\/wp\/v2\/media?parent=6111"}],"wp:term":[{"taxonomy":"product_brand","embeddable":true,"href":"https:\/\/www.galerie-scrapbooking.com\/en\/wp-json\/wp\/v2\/product_brand?post=6111"},{"taxonomy":"product_cat","embeddable":true,"href":"https:\/\/www.galerie-scrapbooking.com\/en\/wp-json\/wp\/v2\/product_cat?post=6111"},{"taxonomy":"product_tag","embeddable":true,"href":"https:\/\/www.galerie-scrapbooking.com\/en\/wp-json\/wp\/v2\/product_tag?post=6111"}],"curies":[{"name":"wp","href":"https:\/\/api.w.org\/{rel}","templated":true}]}}