{"id":6103,"date":"2019-02-12T18:11:44","date_gmt":"2019-02-12T18:11:44","guid":{"rendered":"https:\/\/commparlimage.ca\/garage\/herazz\/?product=hearty-crafts-plaque-embossage-florale"},"modified":"2024-02-20T08:29:56","modified_gmt":"2024-02-20T13:29:56","slug":"hearty-crafts-plaque-embossage-florale","status":"publish","type":"product","link":"https:\/\/www.galerie-scrapbooking.com\/en\/produit\/hearty-crafts-plaque-embossage-florale\/","title":{"rendered":"Hearty Crafts Plaque Embossage Florale"},"content":{"rendered":"<p>Hearty Crafts &#8211;  Un pochoir d&#8217;embossage raffin\u00e9, compatible avec la plupart des machines \u00e0 d\u00e9couper. Elle cr\u00e9e du relief sur vos cartes de scrapbpooking.<\/p>\n<p>Fonctionne avec la Cuttlebug, Sizzix, Grand calibur, Big Shot Etc.<\/p>\n<p>Grandeur: 11.0 x 15.0 cm.<\/p>\n","protected":false},"excerpt":{"rendered":"<p>Hearty Crafts Embossing folder &#8211; Floral<\/p>\n","protected":false},"featured_media":6104,"template":"","meta":{"_acf_changed":false},"product_brand":[],"product_cat":[204,202],"product_tag":[],"class_list":{"0":"post-6103","1":"product","2":"type-product","3":"status-publish","4":"has-post-thumbnail","6":"product_cat-embossage-crafts-too","7":"product_cat-plaques-embossage","8":"pa_brand_nc-hearty-crafts","10":"first","11":"instock","12":"taxable","13":"shipping-taxable","14":"purchasable","15":"product-type-simple"},"acf":[],"aioseo_notices":[],"_links":{"self":[{"href":"https:\/\/www.galerie-scrapbooking.com\/en\/wp-json\/wp\/v2\/product\/6103","targetHints":{"allow":["GET"]}}],"collection":[{"href":"https:\/\/www.galerie-scrapbooking.com\/en\/wp-json\/wp\/v2\/product"}],"about":[{"href":"https:\/\/www.galerie-scrapbooking.com\/en\/wp-json\/wp\/v2\/types\/product"}],"wp:featuredmedia":[{"embeddable":true,"href":"https:\/\/www.galerie-scrapbooking.com\/en\/wp-json\/wp\/v2\/media\/6104"}],"wp:attachment":[{"href":"https:\/\/www.galerie-scrapbooking.com\/en\/wp-json\/wp\/v2\/media?parent=6103"}],"wp:term":[{"taxonomy":"product_brand","embeddable":true,"href":"https:\/\/www.galerie-scrapbooking.com\/en\/wp-json\/wp\/v2\/product_brand?post=6103"},{"taxonomy":"product_cat","embeddable":true,"href":"https:\/\/www.galerie-scrapbooking.com\/en\/wp-json\/wp\/v2\/product_cat?post=6103"},{"taxonomy":"product_tag","embeddable":true,"href":"https:\/\/www.galerie-scrapbooking.com\/en\/wp-json\/wp\/v2\/product_tag?post=6103"}],"curies":[{"name":"wp","href":"https:\/\/api.w.org\/{rel}","templated":true}]}}