{"id":6077,"date":"2019-01-24T14:42:44","date_gmt":"2019-01-24T14:42:44","guid":{"rendered":"https:\/\/commparlimage.ca\/garage\/herazz\/?product=find-it-trading-die-cercles"},"modified":"2024-04-02T13:01:19","modified_gmt":"2024-04-02T17:01:19","slug":"find-it-trading-die-cercles","status":"publish","type":"product","link":"https:\/\/www.galerie-scrapbooking.com\/en\/produit\/find-it-trading-die-cercles\/","title":{"rendered":"Find It Trading Die Cercles"},"content":{"rendered":"<p>Jeu de 11 pi\u00e8ces, matrices de d\u00e9coupes de Card Deco Essentials.<\/p>\n<p>Les matrices de d\u00e9coupes sont \u00e0 utiliser avec une machine \u00e0 d\u00e9couper.<\/p>\n<p>Format d&#8217;environ 12.0 x 12.0 cm.<\/p>\n","protected":false},"excerpt":{"rendered":"<p>Card Deco Essentials Cutting Dies Round<\/p>\n","protected":false},"featured_media":6078,"template":"","meta":{"_acf_changed":false},"product_brand":[],"product_cat":[334],"product_tag":[],"class_list":{"0":"post-6077","1":"product","2":"type-product","3":"status-publish","4":"has-post-thumbnail","6":"product_cat-marices-de-decoupes-find-it-trading","7":"pa_brand_nc-find-it-trading","9":"first","10":"instock","11":"taxable","12":"shipping-taxable","13":"purchasable","14":"product-type-simple"},"acf":[],"aioseo_notices":[],"_links":{"self":[{"href":"https:\/\/www.galerie-scrapbooking.com\/en\/wp-json\/wp\/v2\/product\/6077","targetHints":{"allow":["GET"]}}],"collection":[{"href":"https:\/\/www.galerie-scrapbooking.com\/en\/wp-json\/wp\/v2\/product"}],"about":[{"href":"https:\/\/www.galerie-scrapbooking.com\/en\/wp-json\/wp\/v2\/types\/product"}],"wp:featuredmedia":[{"embeddable":true,"href":"https:\/\/www.galerie-scrapbooking.com\/en\/wp-json\/wp\/v2\/media\/6078"}],"wp:attachment":[{"href":"https:\/\/www.galerie-scrapbooking.com\/en\/wp-json\/wp\/v2\/media?parent=6077"}],"wp:term":[{"taxonomy":"product_brand","embeddable":true,"href":"https:\/\/www.galerie-scrapbooking.com\/en\/wp-json\/wp\/v2\/product_brand?post=6077"},{"taxonomy":"product_cat","embeddable":true,"href":"https:\/\/www.galerie-scrapbooking.com\/en\/wp-json\/wp\/v2\/product_cat?post=6077"},{"taxonomy":"product_tag","embeddable":true,"href":"https:\/\/www.galerie-scrapbooking.com\/en\/wp-json\/wp\/v2\/product_tag?post=6077"}],"curies":[{"name":"wp","href":"https:\/\/api.w.org\/{rel}","templated":true}]}}