{"id":594,"date":"2010-06-06T07:27:58","date_gmt":"2010-06-06T07:27:58","guid":{"rendered":"https:\/\/commparlimage.ca\/garage\/herazz\/?product=distress-ink-tumbled-glass"},"modified":"2026-04-20T21:12:16","modified_gmt":"2026-04-21T01:12:16","slug":"tumbled-glass","status":"publish","type":"product","link":"https:\/\/www.galerie-scrapbooking.com\/en\/produit\/tumbled-glass\/","title":{"rendered":"Distress Ink Tumbled Glass"},"content":{"rendered":"<h1>Tim Holtz Distress Ink Tumbled Glass<\/h1>\n<p>Les encres Distress sont une collection d&#8217;encres \u00e0 base d&#8217;eau, sans acide, non toxiques et r\u00e9sistantes \u00e0 la d\u00e9coloration.<\/p>\n<p>Elles sont id\u00e9ales pour cr\u00e9er les effets vintage, patin\u00e9s et vieillis si populaires dans les livres alt\u00e9r\u00e9s, le scrapbooking, les cartes et la d\u00e9coration int\u00e9rieure.<\/p>\n<p>Les tampons sont en feutre en relief, empilables et rechargeables avec l&#8217;encreur assorti.<\/p>\n","protected":false},"excerpt":{"rendered":"<p>Distress Ink Tumbled Glass<\/p>\n","protected":false},"featured_media":595,"template":"","meta":{"_acf_changed":false},"product_brand":[],"product_cat":[48],"product_tag":[],"class_list":{"0":"post-594","1":"product","2":"type-product","3":"status-publish","4":"has-post-thumbnail","6":"product_cat-distress-ink","7":"pa_brand_nc-ranger","9":"first","10":"instock","11":"taxable","12":"shipping-taxable","13":"purchasable","14":"product-type-simple"},"acf":[],"aioseo_notices":[],"_links":{"self":[{"href":"https:\/\/www.galerie-scrapbooking.com\/en\/wp-json\/wp\/v2\/product\/594","targetHints":{"allow":["GET"]}}],"collection":[{"href":"https:\/\/www.galerie-scrapbooking.com\/en\/wp-json\/wp\/v2\/product"}],"about":[{"href":"https:\/\/www.galerie-scrapbooking.com\/en\/wp-json\/wp\/v2\/types\/product"}],"wp:featuredmedia":[{"embeddable":true,"href":"https:\/\/www.galerie-scrapbooking.com\/en\/wp-json\/wp\/v2\/media\/595"}],"wp:attachment":[{"href":"https:\/\/www.galerie-scrapbooking.com\/en\/wp-json\/wp\/v2\/media?parent=594"}],"wp:term":[{"taxonomy":"product_brand","embeddable":true,"href":"https:\/\/www.galerie-scrapbooking.com\/en\/wp-json\/wp\/v2\/product_brand?post=594"},{"taxonomy":"product_cat","embeddable":true,"href":"https:\/\/www.galerie-scrapbooking.com\/en\/wp-json\/wp\/v2\/product_cat?post=594"},{"taxonomy":"product_tag","embeddable":true,"href":"https:\/\/www.galerie-scrapbooking.com\/en\/wp-json\/wp\/v2\/product_tag?post=594"}],"curies":[{"name":"wp","href":"https:\/\/api.w.org\/{rel}","templated":true}]}}