{"id":5928,"date":"2018-11-07T15:44:44","date_gmt":"2018-11-07T15:44:44","guid":{"rendered":"https:\/\/commparlimage.ca\/garage\/herazz\/?product=brads-poelon-rouleau-a-pate"},"modified":"2025-10-31T10:56:05","modified_gmt":"2025-10-31T14:56:05","slug":"brads-poelon-rouleau-a-pate","status":"publish","type":"product","link":"https:\/\/www.galerie-scrapbooking.com\/en\/produit\/brads-poelon-rouleau-a-pate\/","title":{"rendered":"Brads Po\u00ealon &#038; Rouleau \u00e0 P\u00e2te"},"content":{"rendered":"<p>Eyelet Outlet &#8211; 12 brads par paquet &#8211; parfait comme embellissements ou pour tenir des fleurs ou autres produits de scarpbooking en place sur vos pages ou vos cartes de souhaits.<\/p>\n","protected":false},"excerpt":{"rendered":"<p>Eyelet Outlet Shape Brads 12\/Pkg &#8211;  Pan &#038; Rolling Pin<\/p>\n","protected":false},"featured_media":5929,"template":"","meta":{"_acf_changed":false},"product_brand":[],"product_cat":[91],"product_tag":[],"class_list":{"0":"post-5928","1":"product","2":"type-product","3":"status-publish","4":"has-post-thumbnail","6":"product_cat-brad-oeillet-scrapbooking","7":"pa_brand_nc-eyelet-outlet","9":"first","10":"instock","11":"taxable","12":"shipping-taxable","13":"purchasable","14":"product-type-simple"},"acf":[],"aioseo_notices":[],"_links":{"self":[{"href":"https:\/\/www.galerie-scrapbooking.com\/en\/wp-json\/wp\/v2\/product\/5928","targetHints":{"allow":["GET"]}}],"collection":[{"href":"https:\/\/www.galerie-scrapbooking.com\/en\/wp-json\/wp\/v2\/product"}],"about":[{"href":"https:\/\/www.galerie-scrapbooking.com\/en\/wp-json\/wp\/v2\/types\/product"}],"wp:featuredmedia":[{"embeddable":true,"href":"https:\/\/www.galerie-scrapbooking.com\/en\/wp-json\/wp\/v2\/media\/5929"}],"wp:attachment":[{"href":"https:\/\/www.galerie-scrapbooking.com\/en\/wp-json\/wp\/v2\/media?parent=5928"}],"wp:term":[{"taxonomy":"product_brand","embeddable":true,"href":"https:\/\/www.galerie-scrapbooking.com\/en\/wp-json\/wp\/v2\/product_brand?post=5928"},{"taxonomy":"product_cat","embeddable":true,"href":"https:\/\/www.galerie-scrapbooking.com\/en\/wp-json\/wp\/v2\/product_cat?post=5928"},{"taxonomy":"product_tag","embeddable":true,"href":"https:\/\/www.galerie-scrapbooking.com\/en\/wp-json\/wp\/v2\/product_tag?post=5928"}],"curies":[{"name":"wp","href":"https:\/\/api.w.org\/{rel}","templated":true}]}}