{"id":5917,"date":"2018-10-25T18:21:30","date_gmt":"2018-10-25T18:21:30","guid":{"rendered":"https:\/\/commparlimage.ca\/garage\/herazz\/?product=distress-oxide-ink-weathered-wood"},"modified":"2025-11-28T18:28:33","modified_gmt":"2025-11-28T23:28:33","slug":"distress-oxide-ink-weathered-wood","status":"publish","type":"product","link":"https:\/\/www.galerie-scrapbooking.com\/en\/produit\/distress-oxide-ink-weathered-wood\/","title":{"rendered":"Distress Oxide Ink Weathered Wood"},"content":{"rendered":"<p>Les encres Distress oxide cr\u00e9ent un effet oxyd\u00e9 lorsqu&#8217;elles sont vaporis\u00e9es avec de l&#8217;eau.<\/p>\n<p>\u00c0 \u00eatre utilis\u00e9es avec des masques, \u00e9tampes ou directement sur vos surfaces pr\u00e9f\u00e9r\u00e9es.<\/p>\n<p>(Encrez avec l&#8217;applicateur Blending Foam de Ranger)<\/p>\n","protected":false},"excerpt":{"rendered":"<p>Tim Holtz Distress Oxide Ink Pad<\/p>\n","protected":false},"featured_media":5918,"template":"","meta":{"_acf_changed":false},"product_brand":[],"product_cat":[290],"product_tag":[],"class_list":{"0":"post-5917","1":"product","2":"type-product","3":"status-publish","4":"has-post-thumbnail","6":"product_cat-distress-oxide-ink","7":"pa_brand_nc-ranger","9":"first","10":"instock","11":"taxable","12":"shipping-taxable","13":"purchasable","14":"product-type-simple"},"acf":[],"aioseo_notices":[],"_links":{"self":[{"href":"https:\/\/www.galerie-scrapbooking.com\/en\/wp-json\/wp\/v2\/product\/5917","targetHints":{"allow":["GET"]}}],"collection":[{"href":"https:\/\/www.galerie-scrapbooking.com\/en\/wp-json\/wp\/v2\/product"}],"about":[{"href":"https:\/\/www.galerie-scrapbooking.com\/en\/wp-json\/wp\/v2\/types\/product"}],"wp:featuredmedia":[{"embeddable":true,"href":"https:\/\/www.galerie-scrapbooking.com\/en\/wp-json\/wp\/v2\/media\/5918"}],"wp:attachment":[{"href":"https:\/\/www.galerie-scrapbooking.com\/en\/wp-json\/wp\/v2\/media?parent=5917"}],"wp:term":[{"taxonomy":"product_brand","embeddable":true,"href":"https:\/\/www.galerie-scrapbooking.com\/en\/wp-json\/wp\/v2\/product_brand?post=5917"},{"taxonomy":"product_cat","embeddable":true,"href":"https:\/\/www.galerie-scrapbooking.com\/en\/wp-json\/wp\/v2\/product_cat?post=5917"},{"taxonomy":"product_tag","embeddable":true,"href":"https:\/\/www.galerie-scrapbooking.com\/en\/wp-json\/wp\/v2\/product_tag?post=5917"}],"curies":[{"name":"wp","href":"https:\/\/api.w.org\/{rel}","templated":true}]}}