{"id":5883,"date":"2018-10-25T14:55:33","date_gmt":"2018-10-25T14:55:33","guid":{"rendered":"https:\/\/commparlimage.ca\/garage\/herazz\/?product=alcohol-ink-stream"},"modified":"2025-12-09T14:06:04","modified_gmt":"2025-12-09T19:06:04","slug":"alcohol-ink-stream","status":"publish","type":"product","link":"https:\/\/www.galerie-scrapbooking.com\/en\/produit\/alcohol-ink-stream\/","title":{"rendered":"Alcohol Ink Stream"},"content":{"rendered":"<h1>Alcohol Ink Stream<\/h1>\n<p>Les encres Alcohol Inks, nous apportent un medium diff\u00e9rent et tr\u00e8s int\u00e9ressant que nous pouvons appliquer dans nos projets de scrapbooking. Les Alcohol Inks nous permettent d\u2019ajouter de la couleur \u00e0 plusieurs types de surface lisse et brillante, comme l\u2019acrylique, le verre, le plastique, le m\u00e9tal et sur les papiers cartonn\u00e9s Glossy. Nous retrouvons plusieurs couleurs d\u2019encre et 4 couleurs m\u00e9tallis\u00e9es..<\/p>\n","protected":false},"excerpt":{"rendered":"<p>Tim Holtz Alcohol Ink 0.5oz<\/p>\n","protected":false},"featured_media":5884,"template":"","meta":{"_acf_changed":false},"product_brand":[],"product_cat":[114,393],"product_tag":[],"class_list":{"0":"post-5883","1":"product","2":"type-product","3":"status-publish","4":"has-post-thumbnail","6":"product_cat-alcohol-ink","7":"product_cat-alcohol-ink-ranger","8":"pa_brand_nc-ranger","10":"first","11":"instock","12":"taxable","13":"shipping-taxable","14":"purchasable","15":"product-type-simple"},"acf":[],"aioseo_notices":[],"_links":{"self":[{"href":"https:\/\/www.galerie-scrapbooking.com\/en\/wp-json\/wp\/v2\/product\/5883","targetHints":{"allow":["GET"]}}],"collection":[{"href":"https:\/\/www.galerie-scrapbooking.com\/en\/wp-json\/wp\/v2\/product"}],"about":[{"href":"https:\/\/www.galerie-scrapbooking.com\/en\/wp-json\/wp\/v2\/types\/product"}],"wp:featuredmedia":[{"embeddable":true,"href":"https:\/\/www.galerie-scrapbooking.com\/en\/wp-json\/wp\/v2\/media\/5884"}],"wp:attachment":[{"href":"https:\/\/www.galerie-scrapbooking.com\/en\/wp-json\/wp\/v2\/media?parent=5883"}],"wp:term":[{"taxonomy":"product_brand","embeddable":true,"href":"https:\/\/www.galerie-scrapbooking.com\/en\/wp-json\/wp\/v2\/product_brand?post=5883"},{"taxonomy":"product_cat","embeddable":true,"href":"https:\/\/www.galerie-scrapbooking.com\/en\/wp-json\/wp\/v2\/product_cat?post=5883"},{"taxonomy":"product_tag","embeddable":true,"href":"https:\/\/www.galerie-scrapbooking.com\/en\/wp-json\/wp\/v2\/product_tag?post=5883"}],"curies":[{"name":"wp","href":"https:\/\/api.w.org\/{rel}","templated":true}]}}