{"id":580,"date":"2010-05-31T01:10:26","date_gmt":"2010-05-31T01:10:26","guid":{"rendered":"https:\/\/commparlimage.ca\/garage\/herazz\/?product=distress-ink-chipped-sapphire"},"modified":"2025-12-28T16:23:23","modified_gmt":"2025-12-28T21:23:23","slug":"chipped-sapphire","status":"publish","type":"product","link":"https:\/\/www.galerie-scrapbooking.com\/en\/produit\/chipped-sapphire\/","title":{"rendered":"Distress Ink Chipped Sapphire"},"content":{"rendered":"<h1>Distress Ink Chipped Sapphire<\/h1>\n<p>Les encres Distress sont sans acide, non-toxiques et sont \u00e0 base d&#8217;eau. Ils sont parfaites pour le style vintage, vieillot ou donner un\u00a0effet de teinture.<\/p>\n<p>Id\u00e9ales pour donner ces effects \u00e0 vos pages, cartes, signets, livres alt\u00e9r\u00e9s ou autres projects de scrapbooking.<\/p>\n<p>(Encrer avec l&#8217;applicateur Blending Foam de Ranger)<\/p>\n","protected":false},"excerpt":{"rendered":"<p>Distress Ink Chipped Sapphire<\/p>\n","protected":false},"featured_media":581,"template":"","meta":{"_acf_changed":false},"product_brand":[],"product_cat":[48],"product_tag":[],"class_list":{"0":"post-580","1":"product","2":"type-product","3":"status-publish","4":"has-post-thumbnail","6":"product_cat-distress-ink","7":"pa_brand_nc-ranger","9":"first","10":"instock","11":"taxable","12":"shipping-taxable","13":"purchasable","14":"product-type-simple"},"acf":[],"aioseo_notices":[],"_links":{"self":[{"href":"https:\/\/www.galerie-scrapbooking.com\/en\/wp-json\/wp\/v2\/product\/580","targetHints":{"allow":["GET"]}}],"collection":[{"href":"https:\/\/www.galerie-scrapbooking.com\/en\/wp-json\/wp\/v2\/product"}],"about":[{"href":"https:\/\/www.galerie-scrapbooking.com\/en\/wp-json\/wp\/v2\/types\/product"}],"wp:featuredmedia":[{"embeddable":true,"href":"https:\/\/www.galerie-scrapbooking.com\/en\/wp-json\/wp\/v2\/media\/581"}],"wp:attachment":[{"href":"https:\/\/www.galerie-scrapbooking.com\/en\/wp-json\/wp\/v2\/media?parent=580"}],"wp:term":[{"taxonomy":"product_brand","embeddable":true,"href":"https:\/\/www.galerie-scrapbooking.com\/en\/wp-json\/wp\/v2\/product_brand?post=580"},{"taxonomy":"product_cat","embeddable":true,"href":"https:\/\/www.galerie-scrapbooking.com\/en\/wp-json\/wp\/v2\/product_cat?post=580"},{"taxonomy":"product_tag","embeddable":true,"href":"https:\/\/www.galerie-scrapbooking.com\/en\/wp-json\/wp\/v2\/product_tag?post=580"}],"curies":[{"name":"wp","href":"https:\/\/api.w.org\/{rel}","templated":true}]}}