{"id":5799,"date":"2018-09-19T12:56:06","date_gmt":"2018-09-19T12:56:06","guid":{"rendered":"https:\/\/commparlimage.ca\/garage\/herazz\/?product=simple-a-souhait-dies-prompt-retablissement-gueris-vite"},"modified":"2024-02-25T21:11:27","modified_gmt":"2024-02-26T02:11:27","slug":"simple-a-souhait-dies-prompt-retablissement-gueris-vite","status":"publish","type":"product","link":"https:\/\/www.galerie-scrapbooking.com\/en\/produit\/simple-a-souhait-dies-prompt-retablissement-gueris-vite\/","title":{"rendered":"Simple \u00e0 Souhait Dies Prompt R\u00e9tablissement Gu\u00e9ris Vite"},"content":{"rendered":"<p>Simple &agrave; Souhait matrice de d&eacute;coupes, de jolis mots pour vos cartes, signets ou pages de scrapbooking, d&eacute;coupe parfaitement le papier, facile &agrave; utiliser avec la Cuttlebug, Vagabond, Grand calibur ou autres machines du m&ecirc;me genre<\/p>\n<p>Grandeurs approximatives:<\/p>\n<p>Prompt: 2 pouces<\/p>\n<p>R&eacute;tablissement: 3 1\/2 pouces<\/p>\n<p>Gu&eacute;ris vite: 2 3\/4 pouces<\/p>\n","protected":false},"excerpt":{"rendered":"<p>Matrices de Coupe Simple \u00e0 Souhait<\/p>\n","protected":false},"featured_media":5800,"template":"","meta":{"_acf_changed":false},"product_brand":[],"product_cat":[284],"product_tag":[],"class_list":{"0":"post-5799","1":"product","2":"type-product","3":"status-publish","4":"has-post-thumbnail","6":"product_cat-simple-a-souhait-die","7":"pa_brand_nc-simple-a-souhait","9":"first","10":"instock","11":"taxable","12":"shipping-taxable","13":"purchasable","14":"product-type-simple"},"acf":[],"aioseo_notices":[],"_links":{"self":[{"href":"https:\/\/www.galerie-scrapbooking.com\/en\/wp-json\/wp\/v2\/product\/5799","targetHints":{"allow":["GET"]}}],"collection":[{"href":"https:\/\/www.galerie-scrapbooking.com\/en\/wp-json\/wp\/v2\/product"}],"about":[{"href":"https:\/\/www.galerie-scrapbooking.com\/en\/wp-json\/wp\/v2\/types\/product"}],"wp:featuredmedia":[{"embeddable":true,"href":"https:\/\/www.galerie-scrapbooking.com\/en\/wp-json\/wp\/v2\/media\/5800"}],"wp:attachment":[{"href":"https:\/\/www.galerie-scrapbooking.com\/en\/wp-json\/wp\/v2\/media?parent=5799"}],"wp:term":[{"taxonomy":"product_brand","embeddable":true,"href":"https:\/\/www.galerie-scrapbooking.com\/en\/wp-json\/wp\/v2\/product_brand?post=5799"},{"taxonomy":"product_cat","embeddable":true,"href":"https:\/\/www.galerie-scrapbooking.com\/en\/wp-json\/wp\/v2\/product_cat?post=5799"},{"taxonomy":"product_tag","embeddable":true,"href":"https:\/\/www.galerie-scrapbooking.com\/en\/wp-json\/wp\/v2\/product_tag?post=5799"}],"curies":[{"name":"wp","href":"https:\/\/api.w.org\/{rel}","templated":true}]}}