{"id":5781,"date":"2018-09-12T17:02:33","date_gmt":"2018-09-12T17:02:33","guid":{"rendered":"https:\/\/commparlimage.ca\/garage\/herazz\/?product=lawn-fawn-etampes-celebrons-lhiver"},"modified":"2024-03-09T12:59:10","modified_gmt":"2024-03-09T17:59:10","slug":"lawn-fawn-etampes-celebrons-l-hiver","status":"publish","type":"product","link":"https:\/\/www.galerie-scrapbooking.com\/en\/produit\/lawn-fawn-etampes-celebrons-l-hiver\/","title":{"rendered":"Lawn Fawn \u00c9tampes C\u00e9l\u00e9brons l&#8217;hiver"},"content":{"rendered":"<p>&Eacute;tampes en polym\u00e8re de scrapbooking .Vous pouvez vous servir de l&#8217;encre Distress, Memento, Versacolor, Altenew, Archival ink et StaZon de Tsukineko pour &eacute;tamper vos formes. Elles s&#8217;utilisent avec un bloc acrylique<\/p>\n<p>Dimensions approximatives: 4 x 6 pouces<\/p>\n","protected":false},"excerpt":{"rendered":"<p>Lawn Fawn Clear Stamps 4&#8243;X6&#8243; &#8211; Simply Celebrate Winter<\/p>\n","protected":false},"featured_media":5782,"template":"","meta":{"_acf_changed":false},"product_brand":[],"product_cat":[121],"product_tag":[],"class_list":{"0":"post-5781","1":"product","2":"type-product","3":"status-publish","4":"has-post-thumbnail","6":"product_cat-etampe-scrapbooking-autre","7":"pa_brand_nc-lawn-fawn","9":"first","10":"instock","11":"taxable","12":"shipping-taxable","13":"purchasable","14":"product-type-simple"},"acf":[],"aioseo_notices":[],"_links":{"self":[{"href":"https:\/\/www.galerie-scrapbooking.com\/en\/wp-json\/wp\/v2\/product\/5781","targetHints":{"allow":["GET"]}}],"collection":[{"href":"https:\/\/www.galerie-scrapbooking.com\/en\/wp-json\/wp\/v2\/product"}],"about":[{"href":"https:\/\/www.galerie-scrapbooking.com\/en\/wp-json\/wp\/v2\/types\/product"}],"wp:featuredmedia":[{"embeddable":true,"href":"https:\/\/www.galerie-scrapbooking.com\/en\/wp-json\/wp\/v2\/media\/5782"}],"wp:attachment":[{"href":"https:\/\/www.galerie-scrapbooking.com\/en\/wp-json\/wp\/v2\/media?parent=5781"}],"wp:term":[{"taxonomy":"product_brand","embeddable":true,"href":"https:\/\/www.galerie-scrapbooking.com\/en\/wp-json\/wp\/v2\/product_brand?post=5781"},{"taxonomy":"product_cat","embeddable":true,"href":"https:\/\/www.galerie-scrapbooking.com\/en\/wp-json\/wp\/v2\/product_cat?post=5781"},{"taxonomy":"product_tag","embeddable":true,"href":"https:\/\/www.galerie-scrapbooking.com\/en\/wp-json\/wp\/v2\/product_tag?post=5781"}],"curies":[{"name":"wp","href":"https:\/\/api.w.org\/{rel}","templated":true}]}}