{"id":5719,"date":"2018-08-08T16:04:29","date_gmt":"2018-08-08T16:04:29","guid":{"rendered":"https:\/\/commparlimage.ca\/garage\/herazz\/?product=yvonne-creations-die-couronne-de-poinsettias"},"modified":"2024-04-29T20:47:00","modified_gmt":"2024-04-30T00:47:00","slug":"yvonne-creations-die-couronne-de-poinsettias","status":"publish","type":"product","link":"https:\/\/www.galerie-scrapbooking.com\/en\/produit\/yvonne-creations-die-couronne-de-poinsettias\/","title":{"rendered":"Yvonne Creations Die Couronne de Poinsettias"},"content":{"rendered":"<p>Yvonne Creations\u00a0d\u00e9coupes, pour d\u00e9couper parfaitement le papier, facile \u00e0 utiliser avec la Cuttlebug, Big Shot, Grand calibur ou autres machines du m\u00eame genre<\/p>\n<p>10.4 x 11.2 cm.<\/p>\n","protected":false},"excerpt":{"rendered":"<p>Dies &#8211; Yvonne Creations &#8211; Christmas Dreams &#8211; Poinsettia Wreath<\/p>\n","protected":false},"featured_media":5720,"template":"","meta":{"_acf_changed":false},"product_brand":[],"product_cat":[286],"product_tag":[],"class_list":{"0":"post-5719","1":"product","2":"type-product","3":"status-publish","4":"has-post-thumbnail","6":"product_cat-yvonne-creation-die","7":"pa_brand_nc-yvonne-creations","9":"first","10":"instock","11":"taxable","12":"shipping-taxable","13":"purchasable","14":"product-type-simple"},"acf":[],"aioseo_notices":[],"_links":{"self":[{"href":"https:\/\/www.galerie-scrapbooking.com\/en\/wp-json\/wp\/v2\/product\/5719","targetHints":{"allow":["GET"]}}],"collection":[{"href":"https:\/\/www.galerie-scrapbooking.com\/en\/wp-json\/wp\/v2\/product"}],"about":[{"href":"https:\/\/www.galerie-scrapbooking.com\/en\/wp-json\/wp\/v2\/types\/product"}],"wp:featuredmedia":[{"embeddable":true,"href":"https:\/\/www.galerie-scrapbooking.com\/en\/wp-json\/wp\/v2\/media\/5720"}],"wp:attachment":[{"href":"https:\/\/www.galerie-scrapbooking.com\/en\/wp-json\/wp\/v2\/media?parent=5719"}],"wp:term":[{"taxonomy":"product_brand","embeddable":true,"href":"https:\/\/www.galerie-scrapbooking.com\/en\/wp-json\/wp\/v2\/product_brand?post=5719"},{"taxonomy":"product_cat","embeddable":true,"href":"https:\/\/www.galerie-scrapbooking.com\/en\/wp-json\/wp\/v2\/product_cat?post=5719"},{"taxonomy":"product_tag","embeddable":true,"href":"https:\/\/www.galerie-scrapbooking.com\/en\/wp-json\/wp\/v2\/product_tag?post=5719"}],"curies":[{"name":"wp","href":"https:\/\/api.w.org\/{rel}","templated":true}]}}