{"id":5643,"date":"2018-07-12T16:11:35","date_gmt":"2018-07-12T16:11:35","guid":{"rendered":"https:\/\/commparlimage.ca\/garage\/herazz\/?product=tim-holtz-outils-pour-glass-media-mat"},"modified":"2025-02-05T10:42:25","modified_gmt":"2025-02-05T15:42:25","slug":"tim-holtz-outils-pour-glass-media-mat","status":"publish","type":"product","link":"https:\/\/www.galerie-scrapbooking.com\/en\/produit\/tim-holtz-outils-pour-glass-media-mat\/","title":{"rendered":"Tim Holtz Outils pour Glass Media Mat"},"content":{"rendered":"<h1>Tim Holtz outils pour Glass Media Mat<\/h1>\n<p>Cet ensemble d&#8217;outils multim\u00e9dias vous fournit deux outils essentiels pour am\u00e9liorer votre utilisation du tapis multim\u00e9dia en verre Tim Holtz.<\/p>\n<p>Ce paquet de 3 x 16,75 x 0,75 pouces contient un bord multim\u00e9dia et un grattoir multim\u00e9dia.<\/p>\n<p>Le bord de 14 pouces s&#8217;aligne avec le Tim Holtz Media Mat pour une utilisation stable.<\/p>\n","protected":false},"excerpt":{"rendered":"<p>Tim Holtz Media Tool Set<\/p>\n","protected":false},"featured_media":5644,"template":"","meta":{"_acf_changed":false},"product_brand":[],"product_cat":[131,386],"product_tag":[],"class_list":{"0":"post-5643","1":"product","2":"type-product","3":"status-publish","4":"has-post-thumbnail","6":"product_cat-outils-de-coupe-scrapbooking","7":"product_cat-tim-holtz-ranger","8":"pa_brand_nc-tim-holtz","10":"first","11":"instock","12":"taxable","13":"shipping-taxable","14":"purchasable","15":"product-type-simple"},"acf":[],"aioseo_notices":[],"_links":{"self":[{"href":"https:\/\/www.galerie-scrapbooking.com\/en\/wp-json\/wp\/v2\/product\/5643","targetHints":{"allow":["GET"]}}],"collection":[{"href":"https:\/\/www.galerie-scrapbooking.com\/en\/wp-json\/wp\/v2\/product"}],"about":[{"href":"https:\/\/www.galerie-scrapbooking.com\/en\/wp-json\/wp\/v2\/types\/product"}],"wp:featuredmedia":[{"embeddable":true,"href":"https:\/\/www.galerie-scrapbooking.com\/en\/wp-json\/wp\/v2\/media\/5644"}],"wp:attachment":[{"href":"https:\/\/www.galerie-scrapbooking.com\/en\/wp-json\/wp\/v2\/media?parent=5643"}],"wp:term":[{"taxonomy":"product_brand","embeddable":true,"href":"https:\/\/www.galerie-scrapbooking.com\/en\/wp-json\/wp\/v2\/product_brand?post=5643"},{"taxonomy":"product_cat","embeddable":true,"href":"https:\/\/www.galerie-scrapbooking.com\/en\/wp-json\/wp\/v2\/product_cat?post=5643"},{"taxonomy":"product_tag","embeddable":true,"href":"https:\/\/www.galerie-scrapbooking.com\/en\/wp-json\/wp\/v2\/product_tag?post=5643"}],"curies":[{"name":"wp","href":"https:\/\/api.w.org\/{rel}","templated":true}]}}