{"id":5636,"date":"2018-07-05T11:44:29","date_gmt":"2018-07-05T11:44:29","guid":{"rendered":"https:\/\/commparlimage.ca\/garage\/herazz\/?product=feuilles-de-rangement-pour-badges"},"modified":"2026-01-12T23:03:29","modified_gmt":"2026-01-13T04:03:29","slug":"feuilles-de-rangement-pour-badges","status":"publish","type":"product","link":"https:\/\/www.galerie-scrapbooking.com\/en\/produit\/feuilles-de-rangement-pour-badges\/","title":{"rendered":"Feuille de rangement pour badges"},"content":{"rendered":"<p>Feuille de rangement pour badges<\/p>\n<p>Classez les par couleur, par th\u00e8mes, par date de parution, etc.<\/p>\n<p>Elles sont fabriqu\u00e9es d&#8217;un pvc ultra robuste, poss\u00e8de une ouverture au haut pour retirer facilement le badge. Une fois en place, les badges tiennent bien et m\u00eame la t\u00eate en bas, elles ne tomberont pas.<\/p>\n<p>Les pages peuvent \u00eatre rang\u00e9es dans un cartable (reliure) \u00e0 3 anneaux standard<\/p>\n","protected":false},"excerpt":{"rendered":"<p>Herazz Feuille de rangement pour badges<\/p>\n","protected":false},"featured_media":37137,"template":"","meta":{"_acf_changed":false},"product_brand":[],"product_cat":[302,238],"product_tag":[],"class_list":{"0":"post-5636","1":"product","2":"type-product","3":"status-publish","4":"has-post-thumbnail","6":"product_cat-embelissements-badges-scrapbooking","7":"product_cat-rangements-scrapbooking","8":"pa_brand_nc-limecitron","10":"first","11":"instock","12":"taxable","13":"shipping-taxable","14":"purchasable","15":"product-type-simple"},"acf":[],"aioseo_notices":[],"_links":{"self":[{"href":"https:\/\/www.galerie-scrapbooking.com\/en\/wp-json\/wp\/v2\/product\/5636","targetHints":{"allow":["GET"]}}],"collection":[{"href":"https:\/\/www.galerie-scrapbooking.com\/en\/wp-json\/wp\/v2\/product"}],"about":[{"href":"https:\/\/www.galerie-scrapbooking.com\/en\/wp-json\/wp\/v2\/types\/product"}],"wp:featuredmedia":[{"embeddable":true,"href":"https:\/\/www.galerie-scrapbooking.com\/en\/wp-json\/wp\/v2\/media\/37137"}],"wp:attachment":[{"href":"https:\/\/www.galerie-scrapbooking.com\/en\/wp-json\/wp\/v2\/media?parent=5636"}],"wp:term":[{"taxonomy":"product_brand","embeddable":true,"href":"https:\/\/www.galerie-scrapbooking.com\/en\/wp-json\/wp\/v2\/product_brand?post=5636"},{"taxonomy":"product_cat","embeddable":true,"href":"https:\/\/www.galerie-scrapbooking.com\/en\/wp-json\/wp\/v2\/product_cat?post=5636"},{"taxonomy":"product_tag","embeddable":true,"href":"https:\/\/www.galerie-scrapbooking.com\/en\/wp-json\/wp\/v2\/product_tag?post=5636"}],"curies":[{"name":"wp","href":"https:\/\/api.w.org\/{rel}","templated":true}]}}