{"id":5618,"date":"2018-06-27T22:30:21","date_gmt":"2018-06-27T22:30:21","guid":{"rendered":"https:\/\/commparlimage.ca\/garage\/herazz\/?product=tim-holtz-maxi-guillotine-1225"},"modified":"2024-02-22T16:29:02","modified_gmt":"2024-02-22T21:29:02","slug":"tim-holtz-maxi-guillotine-12-25","status":"publish","type":"product","link":"https:\/\/www.galerie-scrapbooking.com\/en\/produit\/tim-holtz-maxi-guillotine-12-25\/","title":{"rendered":"Tim Holtz Maxi Guillotine 12.25&#8243;"},"content":{"rendered":"<p>Parfait pour couper du papier et du papier cartonn\u00e9 ! Ce paquet de 8 x 19 x 3 pouces contient une maxi guillotine de 12,25 pouces.<\/p>\n<p>Mesures en pouces et m\u00e9triques. La barre de mesure amovible permet de mesurer jusqu&#8217;\u00e0 12 x 12 pouces.<\/p>\n<p>Le prot\u00e8ge-papier prot\u00e8ge les doigts et emp\u00eache le papier de bouger. La poign\u00e9e confortable Kushgrip se range sous la base lorsqu&#8217;elle n&#8217;est pas utilis\u00e9e.<\/p>\n","protected":false},"excerpt":{"rendered":"<p>Tim Holtz Maxi Guillotine 12.25&#8243;<\/p>\n","protected":false},"featured_media":5619,"template":"","meta":{"_acf_changed":false},"product_brand":[],"product_cat":[131,386],"product_tag":[],"class_list":{"0":"post-5618","1":"product","2":"type-product","3":"status-publish","4":"has-post-thumbnail","6":"product_cat-outils-de-coupe-scrapbooking","7":"product_cat-tim-holtz-ranger","8":"pa_brand_nc-tim-holtz","10":"first","11":"instock","12":"taxable","13":"shipping-taxable","14":"purchasable","15":"product-type-simple"},"acf":[],"aioseo_notices":[],"_links":{"self":[{"href":"https:\/\/www.galerie-scrapbooking.com\/en\/wp-json\/wp\/v2\/product\/5618","targetHints":{"allow":["GET"]}}],"collection":[{"href":"https:\/\/www.galerie-scrapbooking.com\/en\/wp-json\/wp\/v2\/product"}],"about":[{"href":"https:\/\/www.galerie-scrapbooking.com\/en\/wp-json\/wp\/v2\/types\/product"}],"wp:featuredmedia":[{"embeddable":true,"href":"https:\/\/www.galerie-scrapbooking.com\/en\/wp-json\/wp\/v2\/media\/5619"}],"wp:attachment":[{"href":"https:\/\/www.galerie-scrapbooking.com\/en\/wp-json\/wp\/v2\/media?parent=5618"}],"wp:term":[{"taxonomy":"product_brand","embeddable":true,"href":"https:\/\/www.galerie-scrapbooking.com\/en\/wp-json\/wp\/v2\/product_brand?post=5618"},{"taxonomy":"product_cat","embeddable":true,"href":"https:\/\/www.galerie-scrapbooking.com\/en\/wp-json\/wp\/v2\/product_cat?post=5618"},{"taxonomy":"product_tag","embeddable":true,"href":"https:\/\/www.galerie-scrapbooking.com\/en\/wp-json\/wp\/v2\/product_tag?post=5618"}],"curies":[{"name":"wp","href":"https:\/\/api.w.org\/{rel}","templated":true}]}}