{"id":5581,"date":"2018-06-07T11:53:38","date_gmt":"2018-06-07T11:53:38","guid":{"rendered":"https:\/\/commparlimage.ca\/garage\/herazz\/?product=lawn-fawn-matrice-de-decoupe-bordure-banieres"},"modified":"2024-03-09T12:59:10","modified_gmt":"2024-03-09T17:59:10","slug":"lawn-fawn-matrice-de-decoupe-bordure-banieres","status":"publish","type":"product","link":"https:\/\/www.galerie-scrapbooking.com\/en\/produit\/lawn-fawn-matrice-de-decoupe-bordure-banieres\/","title":{"rendered":"Lawn Fawn Matrice de d\u00e9coupe Bordure Bani\u00e8res"},"content":{"rendered":"<p>Ces matrices de d\u00e9coupes Lawn Fawn d\u00e9coupes des formes permettant d&#8217;y faire glisser des d\u00e9coupes sur vos cartes de souhaits.<\/p>\n<p>Dimensions approximatives:<\/p>\n<p>Bordure droite: 6&#8243; x 1\/2&#8243;<\/p>\n<p>Bordure incurv\u00e9e: 6&#8243; x 1 \u00bd&#8221;<\/p>\n<p>Bani\u00e8re drapeau: 1\/2&#8243; x 1\/2&#8243;<\/p>\n","protected":false},"excerpt":{"rendered":"<p>Lawn Fawn die &#8211; Bunting Borders<\/p>\n","protected":false},"featured_media":5582,"template":"","meta":{"_acf_changed":false},"product_brand":[],"product_cat":[265],"product_tag":[],"class_list":{"0":"post-5581","1":"product","2":"type-product","3":"status-publish","4":"has-post-thumbnail","6":"product_cat-lawn-fawn","8":"first","9":"instock","10":"taxable","11":"shipping-taxable","12":"purchasable","13":"product-type-simple"},"acf":[],"aioseo_notices":[],"_links":{"self":[{"href":"https:\/\/www.galerie-scrapbooking.com\/en\/wp-json\/wp\/v2\/product\/5581","targetHints":{"allow":["GET"]}}],"collection":[{"href":"https:\/\/www.galerie-scrapbooking.com\/en\/wp-json\/wp\/v2\/product"}],"about":[{"href":"https:\/\/www.galerie-scrapbooking.com\/en\/wp-json\/wp\/v2\/types\/product"}],"wp:featuredmedia":[{"embeddable":true,"href":"https:\/\/www.galerie-scrapbooking.com\/en\/wp-json\/wp\/v2\/media\/5582"}],"wp:attachment":[{"href":"https:\/\/www.galerie-scrapbooking.com\/en\/wp-json\/wp\/v2\/media?parent=5581"}],"wp:term":[{"taxonomy":"product_brand","embeddable":true,"href":"https:\/\/www.galerie-scrapbooking.com\/en\/wp-json\/wp\/v2\/product_brand?post=5581"},{"taxonomy":"product_cat","embeddable":true,"href":"https:\/\/www.galerie-scrapbooking.com\/en\/wp-json\/wp\/v2\/product_cat?post=5581"},{"taxonomy":"product_tag","embeddable":true,"href":"https:\/\/www.galerie-scrapbooking.com\/en\/wp-json\/wp\/v2\/product_tag?post=5581"}],"curies":[{"name":"wp","href":"https:\/\/api.w.org\/{rel}","templated":true}]}}