{"id":5577,"date":"2018-05-30T12:50:27","date_gmt":"2018-05-30T12:50:27","guid":{"rendered":"https:\/\/commparlimage.ca\/garage\/herazz\/?product=echo-park-die-pour-boite-pop-up-bebe"},"modified":"2024-03-25T21:12:36","modified_gmt":"2024-03-26T01:12:36","slug":"echo-park-die-pour-boite-pop-up-bebe","status":"publish","type":"product","link":"https:\/\/www.galerie-scrapbooking.com\/en\/produit\/echo-park-die-pour-boite-pop-up-bebe\/","title":{"rendered":"Echo Park Die pour bo\u00eete Pop-Up B\u00e9b\u00e9"},"content":{"rendered":"<p>Cette matrice de d&eacute;coupes Echo Park vous permet de faire des d&eacute;coupes que vous pourrez installer dans une bo&icirc;te Pop-Up.<\/p>\n<p>Dimensions approximatives:<\/p>\n<p>Precious Baby: 1.25 x 3.5 pouces<\/p>\n<p>&Eacute;l&eacute;phant: 1.0 x 1.75 pouces<\/p>\n<p>Canard: 0.75 x 0.75 pouce<\/p>\n<p>Nuage: 1.0 x 1.75 pouces<\/p>\n<p>&Eacute;pingle: 0.5 x 1.0 pouce<\/p>\n<p>&Eacute;toile: 0.5 x 0.5 pouce<\/p>\n<p>Ensemble d&#8217;&Eacute;toiles: 0.5 x 0.75 pouce<\/p>\n","protected":false},"excerpt":{"rendered":"<p>Echo Park 3D Card Box Set &#8211; Precious Baby<\/p>\n","protected":false},"featured_media":5578,"template":"","meta":{"_acf_changed":false},"product_brand":[],"product_cat":[323],"product_tag":[],"class_list":{"0":"post-5577","1":"product","2":"type-product","3":"status-publish","4":"has-post-thumbnail","6":"product_cat-echo-park-die","7":"pa_brand_nc-echo-park-paper","9":"first","10":"instock","11":"taxable","12":"shipping-taxable","13":"purchasable","14":"product-type-simple"},"acf":[],"aioseo_notices":[],"_links":{"self":[{"href":"https:\/\/www.galerie-scrapbooking.com\/en\/wp-json\/wp\/v2\/product\/5577","targetHints":{"allow":["GET"]}}],"collection":[{"href":"https:\/\/www.galerie-scrapbooking.com\/en\/wp-json\/wp\/v2\/product"}],"about":[{"href":"https:\/\/www.galerie-scrapbooking.com\/en\/wp-json\/wp\/v2\/types\/product"}],"wp:featuredmedia":[{"embeddable":true,"href":"https:\/\/www.galerie-scrapbooking.com\/en\/wp-json\/wp\/v2\/media\/5578"}],"wp:attachment":[{"href":"https:\/\/www.galerie-scrapbooking.com\/en\/wp-json\/wp\/v2\/media?parent=5577"}],"wp:term":[{"taxonomy":"product_brand","embeddable":true,"href":"https:\/\/www.galerie-scrapbooking.com\/en\/wp-json\/wp\/v2\/product_brand?post=5577"},{"taxonomy":"product_cat","embeddable":true,"href":"https:\/\/www.galerie-scrapbooking.com\/en\/wp-json\/wp\/v2\/product_cat?post=5577"},{"taxonomy":"product_tag","embeddable":true,"href":"https:\/\/www.galerie-scrapbooking.com\/en\/wp-json\/wp\/v2\/product_tag?post=5577"}],"curies":[{"name":"wp","href":"https:\/\/api.w.org\/{rel}","templated":true}]}}