{"id":5554,"date":"2018-05-10T17:06:07","date_gmt":"2018-05-10T17:06:07","guid":{"rendered":"https:\/\/commparlimage.ca\/garage\/herazz\/?product=tim-holtz-distress-resist-spray"},"modified":"2025-06-08T14:56:26","modified_gmt":"2025-06-08T18:56:26","slug":"tim-holtz-distress-resist-spray","status":"publish","type":"product","link":"https:\/\/www.galerie-scrapbooking.com\/en\/produit\/tim-holtz-distress-resist-spray\/","title":{"rendered":"Tim Holtz Distress Resist Spray"},"content":{"rendered":"<p>Tim Holtz Distress Resist Spray est un a\u00e9rosol textur\u00e9 qui s\u00e8che et r\u00e9siste \u00e0 l&#8217;eau.<\/p>\n<p>Utilisez le spray mixte m\u00e9dia directement sur une surface pour un effet \u00e9clabouss\u00e9 ou \u00e0 travers un pochoir.<\/p>\n<p>Il r\u00e9siste aux m\u00e9diums \u00e0 base d&#8217;eau tels que les encres, les teintures et les crayons.<\/p>\n<p>Parfait pour l&#8217;artisanat et les techniques mixtes m\u00e9dia.<\/p>\n<p>Bouteille de 2 onces<\/p>\n<p>Voici une vid\u00e9o de d\u00e9monstration de Tim Holtz:<\/p>\n<p><iframe loading=\"lazy\" src=\"https:\/\/www.youtube.com\/embed\/q7PkdWcI3Pk\" width=\"560\" height=\"315\" frameborder=\"0\" allowfullscreen=\"allowfullscreen\"><\/iframe><\/p>\n","protected":false},"excerpt":{"rendered":"<p>Tim Holtz Resist Spray 2oz Bottle<\/p>\n","protected":false},"featured_media":5555,"template":"","meta":{"_acf_changed":false},"product_brand":[],"product_cat":[115],"product_tag":[],"class_list":{"0":"post-5554","1":"product","2":"type-product","3":"status-publish","4":"has-post-thumbnail","6":"product_cat-encres-accessoires","7":"pa_brand_nc-tim-holtz","9":"first","10":"instock","11":"taxable","12":"shipping-taxable","13":"purchasable","14":"product-type-simple"},"acf":[],"aioseo_notices":[],"_links":{"self":[{"href":"https:\/\/www.galerie-scrapbooking.com\/en\/wp-json\/wp\/v2\/product\/5554","targetHints":{"allow":["GET"]}}],"collection":[{"href":"https:\/\/www.galerie-scrapbooking.com\/en\/wp-json\/wp\/v2\/product"}],"about":[{"href":"https:\/\/www.galerie-scrapbooking.com\/en\/wp-json\/wp\/v2\/types\/product"}],"wp:featuredmedia":[{"embeddable":true,"href":"https:\/\/www.galerie-scrapbooking.com\/en\/wp-json\/wp\/v2\/media\/5555"}],"wp:attachment":[{"href":"https:\/\/www.galerie-scrapbooking.com\/en\/wp-json\/wp\/v2\/media?parent=5554"}],"wp:term":[{"taxonomy":"product_brand","embeddable":true,"href":"https:\/\/www.galerie-scrapbooking.com\/en\/wp-json\/wp\/v2\/product_brand?post=5554"},{"taxonomy":"product_cat","embeddable":true,"href":"https:\/\/www.galerie-scrapbooking.com\/en\/wp-json\/wp\/v2\/product_cat?post=5554"},{"taxonomy":"product_tag","embeddable":true,"href":"https:\/\/www.galerie-scrapbooking.com\/en\/wp-json\/wp\/v2\/product_tag?post=5554"}],"curies":[{"name":"wp","href":"https:\/\/api.w.org\/{rel}","templated":true}]}}