{"id":5447,"date":"2018-03-21T17:55:42","date_gmt":"2018-03-21T17:55:42","guid":{"rendered":"https:\/\/commparlimage.ca\/garage\/herazz\/?product=adhesifs-3d-mixtes-ronds-blancs"},"modified":"2025-12-09T13:43:51","modified_gmt":"2025-12-09T18:43:51","slug":"adhesifs-3d-mixtes-ronds-blancs","status":"publish","type":"product","link":"https:\/\/www.galerie-scrapbooking.com\/en\/produit\/adhesifs-3d-mixtes-ronds-blancs\/","title":{"rendered":"Adh\u00e9sifs 3D mixtes ronds blancs"},"content":{"rendered":"<h1>Adh\u00e9sifs 3D mixtes ronds blancs<\/h1>\n<p>Les carr\u00e9s adh\u00e9sif 3D permettent de soulever vos papiers, cartons, embellissements afin de donner de la dimension \u00e0 vos pages, cartes ou autres projets de scrapbooking.<\/p>\n<p>Contient: 236 pi\u00e8ces<\/p>\n<p>0.25 x 0.08 pouces &#8211; 6.0 x 2.0 mm.<\/p>\n<p>0.5 x 0.08 pouces &#8211; 12.0 x 2.0 mm.<\/p>\n","protected":false},"excerpt":{"rendered":"<p>Scrapbook Adhesives 3D Foam Circles<\/p>\n","protected":false},"featured_media":5448,"template":"","meta":{"_acf_changed":false},"product_brand":[],"product_cat":[44],"product_tag":[],"class_list":{"0":"post-5447","1":"product","2":"type-product","3":"status-publish","4":"has-post-thumbnail","6":"product_cat-adhesifs-3d","7":"pa_brand_nc-scrapbook-adhesive","9":"first","10":"instock","11":"taxable","12":"shipping-taxable","13":"purchasable","14":"product-type-simple"},"acf":[],"aioseo_notices":[],"_links":{"self":[{"href":"https:\/\/www.galerie-scrapbooking.com\/en\/wp-json\/wp\/v2\/product\/5447","targetHints":{"allow":["GET"]}}],"collection":[{"href":"https:\/\/www.galerie-scrapbooking.com\/en\/wp-json\/wp\/v2\/product"}],"about":[{"href":"https:\/\/www.galerie-scrapbooking.com\/en\/wp-json\/wp\/v2\/types\/product"}],"wp:featuredmedia":[{"embeddable":true,"href":"https:\/\/www.galerie-scrapbooking.com\/en\/wp-json\/wp\/v2\/media\/5448"}],"wp:attachment":[{"href":"https:\/\/www.galerie-scrapbooking.com\/en\/wp-json\/wp\/v2\/media?parent=5447"}],"wp:term":[{"taxonomy":"product_brand","embeddable":true,"href":"https:\/\/www.galerie-scrapbooking.com\/en\/wp-json\/wp\/v2\/product_brand?post=5447"},{"taxonomy":"product_cat","embeddable":true,"href":"https:\/\/www.galerie-scrapbooking.com\/en\/wp-json\/wp\/v2\/product_cat?post=5447"},{"taxonomy":"product_tag","embeddable":true,"href":"https:\/\/www.galerie-scrapbooking.com\/en\/wp-json\/wp\/v2\/product_tag?post=5447"}],"curies":[{"name":"wp","href":"https:\/\/api.w.org\/{rel}","templated":true}]}}