{"id":5348,"date":"2018-02-02T16:28:14","date_gmt":"2018-02-02T16:28:14","guid":{"rendered":"https:\/\/commparlimage.ca\/garage\/herazz\/?product=alcohol-ink-mixative-gunmetal"},"modified":"2025-01-20T11:50:43","modified_gmt":"2025-01-20T16:50:43","slug":"alcohol-ink-mixative-gunmetal","status":"publish","type":"product","link":"https:\/\/www.galerie-scrapbooking.com\/en\/produit\/alcohol-ink-mixative-gunmetal\/","title":{"rendered":"Alcohol Ink Mixative Gunmetal"},"content":{"rendered":"<p>Les &#8220;Mixatives&#8221; sont des encres qui donnent des reflets m\u00e9talliques lorsqu&#8217;elles sont m\u00e9lang\u00e9es avec les Alcohol Inks, elles s\u00e8chent rapidement. Sans acide.<\/p>\n","protected":false},"excerpt":{"rendered":"<p>Alcohol Ink Mixative<\/p>\n","protected":false},"featured_media":5349,"template":"","meta":{"_acf_changed":false},"product_brand":[],"product_cat":[114,393],"product_tag":[],"class_list":{"0":"post-5348","1":"product","2":"type-product","3":"status-publish","4":"has-post-thumbnail","6":"product_cat-alcohol-ink","7":"product_cat-alcohol-ink-ranger","8":"pa_brand_nc-ranger","10":"first","11":"instock","12":"taxable","13":"shipping-taxable","14":"purchasable","15":"product-type-simple"},"acf":[],"aioseo_notices":[],"_links":{"self":[{"href":"https:\/\/www.galerie-scrapbooking.com\/en\/wp-json\/wp\/v2\/product\/5348","targetHints":{"allow":["GET"]}}],"collection":[{"href":"https:\/\/www.galerie-scrapbooking.com\/en\/wp-json\/wp\/v2\/product"}],"about":[{"href":"https:\/\/www.galerie-scrapbooking.com\/en\/wp-json\/wp\/v2\/types\/product"}],"wp:featuredmedia":[{"embeddable":true,"href":"https:\/\/www.galerie-scrapbooking.com\/en\/wp-json\/wp\/v2\/media\/5349"}],"wp:attachment":[{"href":"https:\/\/www.galerie-scrapbooking.com\/en\/wp-json\/wp\/v2\/media?parent=5348"}],"wp:term":[{"taxonomy":"product_brand","embeddable":true,"href":"https:\/\/www.galerie-scrapbooking.com\/en\/wp-json\/wp\/v2\/product_brand?post=5348"},{"taxonomy":"product_cat","embeddable":true,"href":"https:\/\/www.galerie-scrapbooking.com\/en\/wp-json\/wp\/v2\/product_cat?post=5348"},{"taxonomy":"product_tag","embeddable":true,"href":"https:\/\/www.galerie-scrapbooking.com\/en\/wp-json\/wp\/v2\/product_tag?post=5348"}],"curies":[{"name":"wp","href":"https:\/\/api.w.org\/{rel}","templated":true}]}}