{"id":5330,"date":"2018-02-01T12:55:32","date_gmt":"2018-02-01T12:55:32","guid":{"rendered":"https:\/\/commparlimage.ca\/garage\/herazz\/?product=liquid-pearl-merlot"},"modified":"2025-12-09T13:57:44","modified_gmt":"2025-12-09T18:57:44","slug":"liquid-pearl-merlot","status":"publish","type":"product","link":"https:\/\/www.galerie-scrapbooking.com\/en\/produit\/liquid-pearl-merlot\/","title":{"rendered":"Liquid Pearl Merlot"},"content":{"rendered":"<h1>Liquid Pearl Merlot<\/h1>\n<p>Les perles liquides sont une peinture nacr\u00e9e polyvalente et dimensionnelle qui s\u00e8che en permanence lorsqu&#8217;elle est utilis\u00e9e sur du papier et du tissu.<\/p>\n<p>Utilisez la pointe Easy Flow pour une application pr\u00e9cise et pour cr\u00e9er facilement des accents nacr\u00e9s.<\/p>\n<p>C&#8217;est une colle, une d\u00e9coration dimensionnelle et une peinture nacr\u00e9e tout en un !<\/p>\n<p>Peignez avec un pinceau ou utilisez la pointe fine pour l&#8217;application. Bouteille facile \u00e0 presser<\/p>\n<p>Bouteille de 0.5 oz \/ 18 ml.<\/p>\n","protected":false},"excerpt":{"rendered":"<p>Colle d\u00e9corative perl\u00e9e<\/p>\n","protected":false},"featured_media":5331,"template":"","meta":{"_acf_changed":false},"product_brand":[],"product_cat":[42],"product_tag":[],"class_list":{"0":"post-5330","1":"product","2":"type-product","3":"status-publish","4":"has-post-thumbnail","6":"product_cat-liquid-pearl","7":"pa_brand_nc-ranger","9":"first","10":"instock","11":"taxable","12":"shipping-taxable","13":"purchasable","14":"product-type-simple"},"acf":[],"aioseo_notices":[],"_links":{"self":[{"href":"https:\/\/www.galerie-scrapbooking.com\/en\/wp-json\/wp\/v2\/product\/5330","targetHints":{"allow":["GET"]}}],"collection":[{"href":"https:\/\/www.galerie-scrapbooking.com\/en\/wp-json\/wp\/v2\/product"}],"about":[{"href":"https:\/\/www.galerie-scrapbooking.com\/en\/wp-json\/wp\/v2\/types\/product"}],"wp:featuredmedia":[{"embeddable":true,"href":"https:\/\/www.galerie-scrapbooking.com\/en\/wp-json\/wp\/v2\/media\/5331"}],"wp:attachment":[{"href":"https:\/\/www.galerie-scrapbooking.com\/en\/wp-json\/wp\/v2\/media?parent=5330"}],"wp:term":[{"taxonomy":"product_brand","embeddable":true,"href":"https:\/\/www.galerie-scrapbooking.com\/en\/wp-json\/wp\/v2\/product_brand?post=5330"},{"taxonomy":"product_cat","embeddable":true,"href":"https:\/\/www.galerie-scrapbooking.com\/en\/wp-json\/wp\/v2\/product_cat?post=5330"},{"taxonomy":"product_tag","embeddable":true,"href":"https:\/\/www.galerie-scrapbooking.com\/en\/wp-json\/wp\/v2\/product_tag?post=5330"}],"curies":[{"name":"wp","href":"https:\/\/api.w.org\/{rel}","templated":true}]}}