{"id":528,"date":"2010-05-24T03:02:40","date_gmt":"2010-05-24T03:02:40","guid":{"rendered":"https:\/\/commparlimage.ca\/garage\/herazz\/?product=zig-squeeze-and-roll"},"modified":"2026-05-01T15:19:07","modified_gmt":"2026-05-01T19:19:07","slug":"zig-squeeze-and-roll","status":"publish","type":"product","link":"https:\/\/www.galerie-scrapbooking.com\/en\/produit\/zig-squeeze-and-roll\/","title":{"rendered":"Zig Squeeze and Roll"},"content":{"rendered":"<h1>Zig Squeeze and Roll<\/h1>\n<p>Cette colle peut \u00eatre utilis\u00e9e de deux mani\u00e8res !<\/p>\n<p>Utilisez-le lorsqu&#8217;il est bleu et humide pour une liaison permanente ou laissez-le s\u00e9cher pendant quelques instants pour obtenir une liaison temporaire.<\/p>\n<p>Stylos \u00e0 colle et \u00e0 rouleau \u00e0 2 voies. Sans danger pour les photos et sans acide.<\/p>\n","protected":false},"excerpt":{"rendered":"<p>Adh\u00e9sif Zig Squeeze and Roll<\/p>\n","protected":false},"featured_media":35016,"template":"","meta":{"_acf_changed":false},"product_brand":[],"product_cat":[45],"product_tag":[],"class_list":{"0":"post-528","1":"product","2":"type-product","3":"status-publish","4":"has-post-thumbnail","6":"product_cat-adhesifs-autres","7":"pa_brand_nc-ek-success","9":"first","10":"instock","11":"taxable","12":"shipping-taxable","13":"purchasable","14":"product-type-simple"},"acf":[],"aioseo_notices":[],"_links":{"self":[{"href":"https:\/\/www.galerie-scrapbooking.com\/en\/wp-json\/wp\/v2\/product\/528","targetHints":{"allow":["GET"]}}],"collection":[{"href":"https:\/\/www.galerie-scrapbooking.com\/en\/wp-json\/wp\/v2\/product"}],"about":[{"href":"https:\/\/www.galerie-scrapbooking.com\/en\/wp-json\/wp\/v2\/types\/product"}],"wp:featuredmedia":[{"embeddable":true,"href":"https:\/\/www.galerie-scrapbooking.com\/en\/wp-json\/wp\/v2\/media\/35016"}],"wp:attachment":[{"href":"https:\/\/www.galerie-scrapbooking.com\/en\/wp-json\/wp\/v2\/media?parent=528"}],"wp:term":[{"taxonomy":"product_brand","embeddable":true,"href":"https:\/\/www.galerie-scrapbooking.com\/en\/wp-json\/wp\/v2\/product_brand?post=528"},{"taxonomy":"product_cat","embeddable":true,"href":"https:\/\/www.galerie-scrapbooking.com\/en\/wp-json\/wp\/v2\/product_cat?post=528"},{"taxonomy":"product_tag","embeddable":true,"href":"https:\/\/www.galerie-scrapbooking.com\/en\/wp-json\/wp\/v2\/product_tag?post=528"}],"curies":[{"name":"wp","href":"https:\/\/api.w.org\/{rel}","templated":true}]}}