{"id":5136,"date":"2017-09-13T18:26:17","date_gmt":"2017-09-13T18:26:17","guid":{"rendered":"https:\/\/commparlimage.ca\/garage\/herazz\/?product=tonic-studios-table-tidy-single-pocket"},"modified":"2025-10-26T11:57:56","modified_gmt":"2025-10-26T15:57:56","slug":"tonic-studios-table-tidy-single-pocket","status":"publish","type":"product","link":"https:\/\/www.galerie-scrapbooking.com\/en\/produit\/tonic-studios-table-tidy-single-pocket\/","title":{"rendered":"Tonic Studios Table Tidy Single Pocket"},"content":{"rendered":"<p>Gardez votre espace de travail propre et clair tout en stockant encore plus d&#8217;outils d&#8217;artisanat \u00e0 port\u00e9e de main gr\u00e2ce.<\/p>\n<p>Le paquet comprend une poche qui peut \u00eatre utilis\u00e9e par elle-m\u00eame ou avec le Table Tidy Main Caddy et le Table Tidy Double Pocket, chacune vendue s\u00e9par\u00e9ment.<\/p>\n<p>La Single Pocket dispose d&#8217;un tissu amovible et lavable \u00e0 la main, une base renforc\u00e9e qui stocke en toute s\u00e9curit\u00e9 des outils tranchants, des ciseaux, des brosses, des stylos et d&#8217;autres outils d&#8217;artisanat essentiels, tous vendus s\u00e9par\u00e9ment et un ch\u00e2ssis fini en acier massif<\/p>\n<p>Voici une vid\u00e9o de d\u00e9monstration:<\/p>\n<p><iframe loading=\"lazy\" src=\"https:\/\/www.youtube.com\/embed\/XYocmGqLyWc\" width=\"460\" height=\"259\" frameborder=\"0\" allowfullscreen=\"allowfullscreen\"><\/iframe><\/p>\n","protected":false},"excerpt":{"rendered":"<p>Tonic Studios Table Tidy Single Pocket<\/p>\n","protected":false},"featured_media":5137,"template":"","meta":{"_acf_changed":false},"product_brand":[],"product_cat":[238],"product_tag":[],"class_list":{"0":"post-5136","1":"product","2":"type-product","3":"status-publish","4":"has-post-thumbnail","6":"product_cat-rangements-scrapbooking","7":"pa_brand_nc-tonic-studios","9":"first","10":"instock","11":"taxable","12":"shipping-taxable","13":"purchasable","14":"product-type-simple"},"acf":[],"aioseo_notices":[],"_links":{"self":[{"href":"https:\/\/www.galerie-scrapbooking.com\/en\/wp-json\/wp\/v2\/product\/5136","targetHints":{"allow":["GET"]}}],"collection":[{"href":"https:\/\/www.galerie-scrapbooking.com\/en\/wp-json\/wp\/v2\/product"}],"about":[{"href":"https:\/\/www.galerie-scrapbooking.com\/en\/wp-json\/wp\/v2\/types\/product"}],"wp:featuredmedia":[{"embeddable":true,"href":"https:\/\/www.galerie-scrapbooking.com\/en\/wp-json\/wp\/v2\/media\/5137"}],"wp:attachment":[{"href":"https:\/\/www.galerie-scrapbooking.com\/en\/wp-json\/wp\/v2\/media?parent=5136"}],"wp:term":[{"taxonomy":"product_brand","embeddable":true,"href":"https:\/\/www.galerie-scrapbooking.com\/en\/wp-json\/wp\/v2\/product_brand?post=5136"},{"taxonomy":"product_cat","embeddable":true,"href":"https:\/\/www.galerie-scrapbooking.com\/en\/wp-json\/wp\/v2\/product_cat?post=5136"},{"taxonomy":"product_tag","embeddable":true,"href":"https:\/\/www.galerie-scrapbooking.com\/en\/wp-json\/wp\/v2\/product_tag?post=5136"}],"curies":[{"name":"wp","href":"https:\/\/api.w.org\/{rel}","templated":true}]}}