{"id":5087,"date":"2017-08-23T11:44:16","date_gmt":"2017-08-23T11:44:16","guid":{"rendered":"https:\/\/commparlimage.ca\/garage\/herazz\/?product=nuvo-cuillere-pour-artisanat"},"modified":"2024-10-08T11:15:42","modified_gmt":"2024-10-08T15:15:42","slug":"nuvo-cuillere-pour-artisanat","status":"publish","type":"product","link":"https:\/\/www.galerie-scrapbooking.com\/en\/produit\/nuvo-cuillere-pour-artisanat\/","title":{"rendered":"Nuvo Cuill\u00e8re pour artisanat"},"content":{"rendered":"<p>L&#8217;innovante &#8220;Nuvo Craft Spon&#8221; a deux t\u00eates \u00e0 cuill\u00e8res de forme unique con\u00e7ues pour fonctionner avec un certain nombre de produits tels que les glitter et les poudres d&#8217;embossage en autre.<\/p>\n<p>La poign\u00e9e confortable offre une pr\u00e9cision et un contr\u00f4le incomparables, quelle que soit la t\u00e2che, que vous ajoutez des petites quantit\u00e9s \u00e0 votre conception ou que vous renvoyez le produit inutilis\u00e9 avec facilit\u00e9.<\/p>\n","protected":false},"excerpt":{"rendered":"<p>Nuvo Craft Spoon<\/p>\n","protected":false},"featured_media":5088,"template":"","meta":{"_acf_changed":false},"product_brand":[],"product_cat":[306,132,111],"product_tag":[],"class_list":{"0":"post-5087","1":"product","2":"type-product","3":"status-publish","4":"has-post-thumbnail","6":"product_cat-accessoire-embossage","7":"product_cat-outils-accessoires-autres","8":"product_cat-embossage-scrapbooking","9":"pa_brand_nc-tonic-studios","11":"first","12":"instock","13":"taxable","14":"shipping-taxable","15":"purchasable","16":"product-type-simple"},"acf":[],"aioseo_notices":[],"_links":{"self":[{"href":"https:\/\/www.galerie-scrapbooking.com\/en\/wp-json\/wp\/v2\/product\/5087","targetHints":{"allow":["GET"]}}],"collection":[{"href":"https:\/\/www.galerie-scrapbooking.com\/en\/wp-json\/wp\/v2\/product"}],"about":[{"href":"https:\/\/www.galerie-scrapbooking.com\/en\/wp-json\/wp\/v2\/types\/product"}],"wp:featuredmedia":[{"embeddable":true,"href":"https:\/\/www.galerie-scrapbooking.com\/en\/wp-json\/wp\/v2\/media\/5088"}],"wp:attachment":[{"href":"https:\/\/www.galerie-scrapbooking.com\/en\/wp-json\/wp\/v2\/media?parent=5087"}],"wp:term":[{"taxonomy":"product_brand","embeddable":true,"href":"https:\/\/www.galerie-scrapbooking.com\/en\/wp-json\/wp\/v2\/product_brand?post=5087"},{"taxonomy":"product_cat","embeddable":true,"href":"https:\/\/www.galerie-scrapbooking.com\/en\/wp-json\/wp\/v2\/product_cat?post=5087"},{"taxonomy":"product_tag","embeddable":true,"href":"https:\/\/www.galerie-scrapbooking.com\/en\/wp-json\/wp\/v2\/product_tag?post=5087"}],"curies":[{"name":"wp","href":"https:\/\/api.w.org\/{rel}","templated":true}]}}