{"id":5083,"date":"2017-08-23T11:34:16","date_gmt":"2017-08-23T11:34:16","guid":{"rendered":"https:\/\/commparlimage.ca\/garage\/herazz\/?product=masque-flutterby-6-x-6-pouces"},"modified":"2025-11-15T10:08:00","modified_gmt":"2025-11-15T15:08:00","slug":"masque-flutterby-6-x-6-pouces","status":"publish","type":"product","link":"https:\/\/www.galerie-scrapbooking.com\/en\/produit\/masque-flutterby-6-x-6-pouces\/","title":{"rendered":"Masque Flutterby 6 X 6 pouces"},"content":{"rendered":"<p>Masque de Crafters Workshop<\/p>\n<p>Parfaits pour utiliser avec le Glimmer Mist, p\u00e2te \u00e0 embosser ou tout autre m\u00e9dium, pour vos cartes de scrapbooking <\/p>\n<p><p>Grandeur: 6 X 6 pouces<\/p>\n<p>\n","protected":false},"excerpt":{"rendered":"<p>Crafter&#8217;s Workshop Template 6&#8243;X6&#8243; &#8211; Flutterby<\/p>\n","protected":false},"featured_media":5084,"template":"","meta":{"_acf_changed":false},"product_brand":[],"product_cat":[243,105],"product_tag":[],"class_list":{"0":"post-5083","1":"product","2":"type-product","3":"status-publish","4":"has-post-thumbnail","6":"product_cat-masque-crafters-workshop","7":"product_cat-masques-scrapbooking","8":"pa_brand_nc-crafters-workshop","10":"first","11":"instock","12":"taxable","13":"shipping-taxable","14":"purchasable","15":"product-type-simple"},"acf":[],"aioseo_notices":[],"_links":{"self":[{"href":"https:\/\/www.galerie-scrapbooking.com\/en\/wp-json\/wp\/v2\/product\/5083","targetHints":{"allow":["GET"]}}],"collection":[{"href":"https:\/\/www.galerie-scrapbooking.com\/en\/wp-json\/wp\/v2\/product"}],"about":[{"href":"https:\/\/www.galerie-scrapbooking.com\/en\/wp-json\/wp\/v2\/types\/product"}],"wp:featuredmedia":[{"embeddable":true,"href":"https:\/\/www.galerie-scrapbooking.com\/en\/wp-json\/wp\/v2\/media\/5084"}],"wp:attachment":[{"href":"https:\/\/www.galerie-scrapbooking.com\/en\/wp-json\/wp\/v2\/media?parent=5083"}],"wp:term":[{"taxonomy":"product_brand","embeddable":true,"href":"https:\/\/www.galerie-scrapbooking.com\/en\/wp-json\/wp\/v2\/product_brand?post=5083"},{"taxonomy":"product_cat","embeddable":true,"href":"https:\/\/www.galerie-scrapbooking.com\/en\/wp-json\/wp\/v2\/product_cat?post=5083"},{"taxonomy":"product_tag","embeddable":true,"href":"https:\/\/www.galerie-scrapbooking.com\/en\/wp-json\/wp\/v2\/product_tag?post=5083"}],"curies":[{"name":"wp","href":"https:\/\/api.w.org\/{rel}","templated":true}]}}