{"id":5080,"date":"2017-08-17T14:50:43","date_gmt":"2017-08-17T14:50:43","guid":{"rendered":"https:\/\/commparlimage.ca\/garage\/herazz\/?product=heartfelt-creations-dies-boite-a-fleurs-elements"},"modified":"2020-12-23T20:32:45","modified_gmt":"2020-12-23T20:32:45","slug":"heartfelt-creations-dies-boite-a-fleurs-elements","status":"publish","type":"product","link":"https:\/\/www.galerie-scrapbooking.com\/en\/produit\/heartfelt-creations-dies-boite-a-fleurs-elements\/","title":{"rendered":"Heartfelt Creations Dies Bo\u00eete \u00e0 fleurs &#038; \u00e9lements"},"content":{"rendered":"<p>Heartfelt Creations, matrice de d&eacute;coupe . Facile &agrave; utiliser avec Cuttlebug, Bigshot, Grand calibur, Platinum ou autres machines du m&ecirc;me genre.<\/p>\n<p>5 matrices par paquet<\/p>\n","protected":false},"excerpt":{"rendered":"<p>Heartfelt Creations Cut &#038; Emboss Dies &#8211; Window Box Elements<\/p>\n","protected":false},"featured_media":5081,"template":"","meta":{"_acf_changed":false},"product_brand":[],"product_cat":[391],"product_tag":[],"class_list":{"0":"post-5080","1":"product","2":"type-product","3":"status-publish","4":"has-post-thumbnail","6":"product_cat-heartfelt-creations","7":"pa_brand_nc-heartfelt-creations","9":"first","10":"instock","11":"taxable","12":"shipping-taxable","13":"purchasable","14":"product-type-simple"},"acf":[],"aioseo_notices":[],"_links":{"self":[{"href":"https:\/\/www.galerie-scrapbooking.com\/en\/wp-json\/wp\/v2\/product\/5080","targetHints":{"allow":["GET"]}}],"collection":[{"href":"https:\/\/www.galerie-scrapbooking.com\/en\/wp-json\/wp\/v2\/product"}],"about":[{"href":"https:\/\/www.galerie-scrapbooking.com\/en\/wp-json\/wp\/v2\/types\/product"}],"wp:featuredmedia":[{"embeddable":true,"href":"https:\/\/www.galerie-scrapbooking.com\/en\/wp-json\/wp\/v2\/media\/5081"}],"wp:attachment":[{"href":"https:\/\/www.galerie-scrapbooking.com\/en\/wp-json\/wp\/v2\/media?parent=5080"}],"wp:term":[{"taxonomy":"product_brand","embeddable":true,"href":"https:\/\/www.galerie-scrapbooking.com\/en\/wp-json\/wp\/v2\/product_brand?post=5080"},{"taxonomy":"product_cat","embeddable":true,"href":"https:\/\/www.galerie-scrapbooking.com\/en\/wp-json\/wp\/v2\/product_cat?post=5080"},{"taxonomy":"product_tag","embeddable":true,"href":"https:\/\/www.galerie-scrapbooking.com\/en\/wp-json\/wp\/v2\/product_tag?post=5080"}],"curies":[{"name":"wp","href":"https:\/\/api.w.org\/{rel}","templated":true}]}}