{"id":4979,"date":"2017-07-05T13:45:19","date_gmt":"2017-07-05T13:45:19","guid":{"rendered":"https:\/\/commparlimage.ca\/garage\/herazz\/?product=poincon-ek-success-moyen-cercle-1-pouce"},"modified":"2024-03-21T11:09:20","modified_gmt":"2024-03-21T15:09:20","slug":"poincon-ek-success-moyen-cercle-1-pouce","status":"publish","type":"product","link":"https:\/\/www.galerie-scrapbooking.com\/en\/produit\/poincon-ek-success-moyen-cercle-1-pouce\/","title":{"rendered":"Poin\u00e7on EK Success Moyen Cercle 1 pouce"},"content":{"rendered":"<p>La collection de perforatrices EK Success est tr\u00e8s aim\u00e9e par les scrapbookeuses car elles sont de qualit\u00e9 et il existe un nombreux choix de formes et de tailles disponibles.<\/p>\n","protected":false},"excerpt":{"rendered":"<p>EK Success Medium Punch Circle 1&#8243;<\/p>\n","protected":false},"featured_media":4980,"template":"","meta":{"_acf_changed":false},"product_brand":[],"product_cat":[146,88,389],"product_tag":[],"class_list":{"0":"post-4979","1":"product","2":"type-product","3":"status-publish","4":"has-post-thumbnail","6":"product_cat-ek-poincon-moyen","7":"product_cat-perforatrice-eksuccess","8":"product_cat-outil-ek-success","9":"pa_brand_nc-ek-success","11":"first","12":"instock","13":"taxable","14":"shipping-taxable","15":"purchasable","16":"product-type-simple"},"acf":[],"aioseo_notices":[],"_links":{"self":[{"href":"https:\/\/www.galerie-scrapbooking.com\/en\/wp-json\/wp\/v2\/product\/4979","targetHints":{"allow":["GET"]}}],"collection":[{"href":"https:\/\/www.galerie-scrapbooking.com\/en\/wp-json\/wp\/v2\/product"}],"about":[{"href":"https:\/\/www.galerie-scrapbooking.com\/en\/wp-json\/wp\/v2\/types\/product"}],"wp:featuredmedia":[{"embeddable":true,"href":"https:\/\/www.galerie-scrapbooking.com\/en\/wp-json\/wp\/v2\/media\/4980"}],"wp:attachment":[{"href":"https:\/\/www.galerie-scrapbooking.com\/en\/wp-json\/wp\/v2\/media?parent=4979"}],"wp:term":[{"taxonomy":"product_brand","embeddable":true,"href":"https:\/\/www.galerie-scrapbooking.com\/en\/wp-json\/wp\/v2\/product_brand?post=4979"},{"taxonomy":"product_cat","embeddable":true,"href":"https:\/\/www.galerie-scrapbooking.com\/en\/wp-json\/wp\/v2\/product_cat?post=4979"},{"taxonomy":"product_tag","embeddable":true,"href":"https:\/\/www.galerie-scrapbooking.com\/en\/wp-json\/wp\/v2\/product_tag?post=4979"}],"curies":[{"name":"wp","href":"https:\/\/api.w.org\/{rel}","templated":true}]}}