{"id":4968,"date":"2017-06-22T11:41:44","date_gmt":"2017-06-22T11:41:44","guid":{"rendered":"https:\/\/commparlimage.ca\/garage\/herazz\/?product=creative-expressions-etampes-ile-tropicale"},"modified":"2024-03-08T15:02:21","modified_gmt":"2024-03-08T20:02:21","slug":"creative-expressions-etampes-ile-tropicale","status":"publish","type":"product","link":"https:\/\/www.galerie-scrapbooking.com\/en\/produit\/creative-expressions-etampes-ile-tropicale\/","title":{"rendered":"Creative Expressions \u00c9tampes \u00cele tropicale"},"content":{"rendered":"<p>&Eacute;tampes en polym\u00e8re de scrapbooking .Vous pouvez vous servir de l&#8217;encre Distress, Memento, Versacolor, Altenew, Archival ink et StaZon de Tsukineko pour &eacute;tamper vos formes. Elles s&#8217;utilisent avec un bloc acrylique<\/p>\n<p>Grandeur approximative: 5.75&#8243; x 8.25&#8243; <\/p>\n","protected":false},"excerpt":{"rendered":"<p>Creative Expressions &#8211; Clear Stamp Set<\/p>\n","protected":false},"featured_media":4969,"template":"","meta":{"_acf_changed":false},"product_brand":[],"product_cat":[121],"product_tag":[],"class_list":{"0":"post-4968","1":"product","2":"type-product","3":"status-publish","4":"has-post-thumbnail","6":"product_cat-etampe-scrapbooking-autre","7":"pa_brand_nc-autres","9":"first","10":"instock","11":"taxable","12":"shipping-taxable","13":"purchasable","14":"product-type-simple"},"acf":[],"aioseo_notices":[],"_links":{"self":[{"href":"https:\/\/www.galerie-scrapbooking.com\/en\/wp-json\/wp\/v2\/product\/4968","targetHints":{"allow":["GET"]}}],"collection":[{"href":"https:\/\/www.galerie-scrapbooking.com\/en\/wp-json\/wp\/v2\/product"}],"about":[{"href":"https:\/\/www.galerie-scrapbooking.com\/en\/wp-json\/wp\/v2\/types\/product"}],"wp:featuredmedia":[{"embeddable":true,"href":"https:\/\/www.galerie-scrapbooking.com\/en\/wp-json\/wp\/v2\/media\/4969"}],"wp:attachment":[{"href":"https:\/\/www.galerie-scrapbooking.com\/en\/wp-json\/wp\/v2\/media?parent=4968"}],"wp:term":[{"taxonomy":"product_brand","embeddable":true,"href":"https:\/\/www.galerie-scrapbooking.com\/en\/wp-json\/wp\/v2\/product_brand?post=4968"},{"taxonomy":"product_cat","embeddable":true,"href":"https:\/\/www.galerie-scrapbooking.com\/en\/wp-json\/wp\/v2\/product_cat?post=4968"},{"taxonomy":"product_tag","embeddable":true,"href":"https:\/\/www.galerie-scrapbooking.com\/en\/wp-json\/wp\/v2\/product_tag?post=4968"}],"curies":[{"name":"wp","href":"https:\/\/api.w.org\/{rel}","templated":true}]}}