{"id":4966,"date":"2017-06-22T11:29:10","date_gmt":"2017-06-22T11:29:10","guid":{"rendered":"https:\/\/commparlimage.ca\/garage\/herazz\/?product=peel-off-poissons-noir"},"modified":"2024-02-20T21:42:35","modified_gmt":"2024-02-21T02:42:35","slug":"peel-off-poissons-noir","status":"publish","type":"product","link":"https:\/\/www.galerie-scrapbooking.com\/en\/produit\/peel-off-poissons-noir\/","title":{"rendered":"Peel Off Poissons noir"},"content":{"rendered":"<p>Les Peel Offs Lettres sont utiles pour cr\u00e9er nos propres textes, soit pour mettre sur une carte ou une page de scrapbooking! Un texte personnalis\u00e9 autocollant. ! Les Peel Offs peuvent \u00eatre colori\u00e9s avec les marqueurs Craft Makers ou Identi Pen de la boutique.<\/p>\n<p>4.0 X 9.0 pouces. sans acide<\/p>\n","protected":false},"excerpt":{"rendered":"<p>EC Craft Peel Off<\/p>\n","protected":false},"featured_media":4967,"template":"","meta":{"_acf_changed":false},"product_brand":[],"product_cat":[161],"product_tag":[],"class_list":{"0":"post-4966","1":"product","2":"type-product","3":"status-publish","4":"has-post-thumbnail","6":"product_cat-peel-off-motifs","7":"pa_brand_nc-autres","9":"first","10":"instock","11":"taxable","12":"shipping-taxable","13":"purchasable","14":"product-type-simple"},"acf":[],"aioseo_notices":[],"_links":{"self":[{"href":"https:\/\/www.galerie-scrapbooking.com\/en\/wp-json\/wp\/v2\/product\/4966","targetHints":{"allow":["GET"]}}],"collection":[{"href":"https:\/\/www.galerie-scrapbooking.com\/en\/wp-json\/wp\/v2\/product"}],"about":[{"href":"https:\/\/www.galerie-scrapbooking.com\/en\/wp-json\/wp\/v2\/types\/product"}],"wp:featuredmedia":[{"embeddable":true,"href":"https:\/\/www.galerie-scrapbooking.com\/en\/wp-json\/wp\/v2\/media\/4967"}],"wp:attachment":[{"href":"https:\/\/www.galerie-scrapbooking.com\/en\/wp-json\/wp\/v2\/media?parent=4966"}],"wp:term":[{"taxonomy":"product_brand","embeddable":true,"href":"https:\/\/www.galerie-scrapbooking.com\/en\/wp-json\/wp\/v2\/product_brand?post=4966"},{"taxonomy":"product_cat","embeddable":true,"href":"https:\/\/www.galerie-scrapbooking.com\/en\/wp-json\/wp\/v2\/product_cat?post=4966"},{"taxonomy":"product_tag","embeddable":true,"href":"https:\/\/www.galerie-scrapbooking.com\/en\/wp-json\/wp\/v2\/product_tag?post=4966"}],"curies":[{"name":"wp","href":"https:\/\/api.w.org\/{rel}","templated":true}]}}