{"id":4941,"date":"2017-05-25T18:56:57","date_gmt":"2017-05-25T18:56:57","guid":{"rendered":"https:\/\/commparlimage.ca\/garage\/herazz\/?product=kuretake-gansai-tambi-peinture-aquarelle-couleurs-perlees"},"modified":"2024-01-17T16:48:17","modified_gmt":"2024-01-17T21:48:17","slug":"kuretake-gansai-tambi-peinture-aquarelle-couleurs-perlees","status":"publish","type":"product","link":"https:\/\/www.galerie-scrapbooking.com\/en\/produit\/kuretake-gansai-tambi-peinture-aquarelle-couleurs-perlees\/","title":{"rendered":"Kuretake Gansai Tambi Peinture Aquarelle couleurs perl\u00e9es"},"content":{"rendered":"<h1>Peinture Aquarelle\u00a0Kuretake Gansai Tambi<\/h1>\n<p>Peinture aquarelle traditionnelle japonaise pour professionnelles, bricoleuses ou scrapbookeuses.<\/p>\n<p>Cet ensemble de peinture Aquarelle est de tr\u00e8s grande qualit\u00e9, id\u00e9al pour colorier vos \u00e9tampes de fleurs!<\/p>\n<p>Pigments \u00e0 base d&#8217;eau.<\/p>\n<p>Chaque ensemble contient 6 couleurs assorties:<\/p>\n<p>Rose, Rouge scarlet, Jaune citron, Vert, Bleu cobalt, Or blanc<\/p>\n","protected":false},"excerpt":{"rendered":"<p>Kuretake Gansai Tambi 6 Color Set<\/p>\n","protected":false},"featured_media":4942,"template":"","meta":{"_acf_changed":false},"product_brand":[],"product_cat":[273,103],"product_tag":[],"class_list":{"0":"post-4941","1":"product","2":"type-product","3":"status-publish","4":"has-post-thumbnail","6":"product_cat-peinture-aquarelle-watercolor","7":"product_cat-paint-dabber","8":"pa_brand_nc-autres","10":"first","11":"instock","12":"taxable","13":"shipping-taxable","14":"purchasable","15":"product-type-simple"},"acf":[],"aioseo_notices":[],"_links":{"self":[{"href":"https:\/\/www.galerie-scrapbooking.com\/en\/wp-json\/wp\/v2\/product\/4941","targetHints":{"allow":["GET"]}}],"collection":[{"href":"https:\/\/www.galerie-scrapbooking.com\/en\/wp-json\/wp\/v2\/product"}],"about":[{"href":"https:\/\/www.galerie-scrapbooking.com\/en\/wp-json\/wp\/v2\/types\/product"}],"wp:featuredmedia":[{"embeddable":true,"href":"https:\/\/www.galerie-scrapbooking.com\/en\/wp-json\/wp\/v2\/media\/4942"}],"wp:attachment":[{"href":"https:\/\/www.galerie-scrapbooking.com\/en\/wp-json\/wp\/v2\/media?parent=4941"}],"wp:term":[{"taxonomy":"product_brand","embeddable":true,"href":"https:\/\/www.galerie-scrapbooking.com\/en\/wp-json\/wp\/v2\/product_brand?post=4941"},{"taxonomy":"product_cat","embeddable":true,"href":"https:\/\/www.galerie-scrapbooking.com\/en\/wp-json\/wp\/v2\/product_cat?post=4941"},{"taxonomy":"product_tag","embeddable":true,"href":"https:\/\/www.galerie-scrapbooking.com\/en\/wp-json\/wp\/v2\/product_tag?post=4941"}],"curies":[{"name":"wp","href":"https:\/\/api.w.org\/{rel}","templated":true}]}}