{"id":4921,"date":"2017-05-04T11:35:42","date_gmt":"2017-05-04T11:35:42","guid":{"rendered":"https:\/\/commparlimage.ca\/garage\/herazz\/?product=tonic-studios-table-tidy-main-caddy"},"modified":"2025-10-26T11:57:56","modified_gmt":"2025-10-26T15:57:56","slug":"tonic-studios-table-tidy-main-caddy","status":"publish","type":"product","link":"https:\/\/www.galerie-scrapbooking.com\/en\/produit\/tonic-studios-table-tidy-main-caddy\/","title":{"rendered":"Tonic Studios Table Tidy Main Caddy"},"content":{"rendered":"<p>Le Main Caddy est parfait pour organiser une salle d&#8217;artisanat encombr\u00e9.<\/p>\n<p>La stucture en acier massif chrom\u00e9 permet de le clipper \u00e0 une table ou un bureau (\u00e9paisseur du bord: min 15mm \/ max 60mm).<\/p>\n<p>Il dispose de tissu amovible et lavable \u00e0 la main avec une base renforc\u00e9e.<\/p>\n<p>Le Single Pocket (1644E) et le Double Pocket (1645E) se clipsent facilement sur le cadre du Main Caddy pour ajouter un stockage suppl\u00e9mentaire ou peuvent \u00eatre utilis\u00e9s s\u00e9par\u00e9ment.<\/p>\n<p>Voici une vid\u00e9o de d\u00e9monstration:<\/p>\n<p><iframe loading=\"lazy\" src=\"https:\/\/www.youtube.com\/embed\/XYocmGqLyWc\" width=\"460\" height=\"259\" frameborder=\"0\" allowfullscreen=\"allowfullscreen\"><\/iframe><\/p>\n","protected":false},"excerpt":{"rendered":"<p>Tonic Studios Table Tidy Main Caddy<\/p>\n","protected":false},"featured_media":4922,"template":"","meta":{"_acf_changed":false},"product_brand":[],"product_cat":[238],"product_tag":[],"class_list":{"0":"post-4921","1":"product","2":"type-product","3":"status-publish","4":"has-post-thumbnail","6":"product_cat-rangements-scrapbooking","7":"pa_brand_nc-tonic-studios","9":"first","10":"instock","11":"taxable","12":"shipping-taxable","13":"purchasable","14":"product-type-simple"},"acf":[],"aioseo_notices":[],"_links":{"self":[{"href":"https:\/\/www.galerie-scrapbooking.com\/en\/wp-json\/wp\/v2\/product\/4921","targetHints":{"allow":["GET"]}}],"collection":[{"href":"https:\/\/www.galerie-scrapbooking.com\/en\/wp-json\/wp\/v2\/product"}],"about":[{"href":"https:\/\/www.galerie-scrapbooking.com\/en\/wp-json\/wp\/v2\/types\/product"}],"wp:featuredmedia":[{"embeddable":true,"href":"https:\/\/www.galerie-scrapbooking.com\/en\/wp-json\/wp\/v2\/media\/4922"}],"wp:attachment":[{"href":"https:\/\/www.galerie-scrapbooking.com\/en\/wp-json\/wp\/v2\/media?parent=4921"}],"wp:term":[{"taxonomy":"product_brand","embeddable":true,"href":"https:\/\/www.galerie-scrapbooking.com\/en\/wp-json\/wp\/v2\/product_brand?post=4921"},{"taxonomy":"product_cat","embeddable":true,"href":"https:\/\/www.galerie-scrapbooking.com\/en\/wp-json\/wp\/v2\/product_cat?post=4921"},{"taxonomy":"product_tag","embeddable":true,"href":"https:\/\/www.galerie-scrapbooking.com\/en\/wp-json\/wp\/v2\/product_tag?post=4921"}],"curies":[{"name":"wp","href":"https:\/\/api.w.org\/{rel}","templated":true}]}}