{"id":4893,"date":"2017-04-13T12:33:53","date_gmt":"2017-04-13T12:33:53","guid":{"rendered":"https:\/\/commparlimage.ca\/garage\/herazz\/?product=hero-arts-dies-timbres-poste"},"modified":"2025-05-05T13:36:31","modified_gmt":"2025-05-05T17:36:31","slug":"hero-arts-dies-timbres-poste","status":"publish","type":"product","link":"https:\/\/www.galerie-scrapbooking.com\/en\/produit\/hero-arts-dies-timbres-poste\/","title":{"rendered":"Hero Arts Dies Timbres Poste"},"content":{"rendered":"<h1>Hero Arts Dies Timbres Poste<\/h1>\n<p>Hero Arts matrice de d\u00e9coupes, pour d\u00e9couper parfaitement le papier, facile \u00e0 utiliser avec la Cuttlebug, Bigshot, Bigshot Pro, Platinum, Grand calibur ou autres machines du m\u00eame genre.<\/p>\n<p>8 matrices de d\u00e9coupes par paquet<\/p>\n<p>Grandeurs approximatives:<\/p>\n<p>La plus petite: 0.46 x 0.66 pouces<\/p>\n<p>La plus grande est de 4.28 x 5.75 pouces<\/p>\n","protected":false},"excerpt":{"rendered":"<p>Hero Arts Infinity Dies<\/p>\n","protected":false},"featured_media":4894,"template":"","meta":{"_acf_changed":false},"product_brand":[],"product_cat":[293],"product_tag":[],"class_list":{"0":"post-4893","1":"product","2":"type-product","3":"status-publish","4":"has-post-thumbnail","6":"product_cat-matrices-decoupes-hero-arts","7":"pa_brand_nc-hero-arts","9":"first","10":"instock","11":"taxable","12":"shipping-taxable","13":"purchasable","14":"product-type-simple"},"acf":[],"aioseo_notices":[],"_links":{"self":[{"href":"https:\/\/www.galerie-scrapbooking.com\/en\/wp-json\/wp\/v2\/product\/4893","targetHints":{"allow":["GET"]}}],"collection":[{"href":"https:\/\/www.galerie-scrapbooking.com\/en\/wp-json\/wp\/v2\/product"}],"about":[{"href":"https:\/\/www.galerie-scrapbooking.com\/en\/wp-json\/wp\/v2\/types\/product"}],"wp:featuredmedia":[{"embeddable":true,"href":"https:\/\/www.galerie-scrapbooking.com\/en\/wp-json\/wp\/v2\/media\/4894"}],"wp:attachment":[{"href":"https:\/\/www.galerie-scrapbooking.com\/en\/wp-json\/wp\/v2\/media?parent=4893"}],"wp:term":[{"taxonomy":"product_brand","embeddable":true,"href":"https:\/\/www.galerie-scrapbooking.com\/en\/wp-json\/wp\/v2\/product_brand?post=4893"},{"taxonomy":"product_cat","embeddable":true,"href":"https:\/\/www.galerie-scrapbooking.com\/en\/wp-json\/wp\/v2\/product_cat?post=4893"},{"taxonomy":"product_tag","embeddable":true,"href":"https:\/\/www.galerie-scrapbooking.com\/en\/wp-json\/wp\/v2\/product_tag?post=4893"}],"curies":[{"name":"wp","href":"https:\/\/api.w.org\/{rel}","templated":true}]}}