{"id":4771,"date":"2017-02-06T20:04:34","date_gmt":"2017-02-06T20:04:34","guid":{"rendered":"https:\/\/commparlimage.ca\/garage\/herazz\/?product=etampe-bonnidee-avec-amour"},"modified":"2024-02-18T09:51:02","modified_gmt":"2024-02-18T14:51:02","slug":"etampe-bonnidee-avec-amour","status":"publish","type":"product","link":"https:\/\/www.galerie-scrapbooking.com\/en\/produit\/etampe-bonnidee-avec-amour\/","title":{"rendered":"\u00c9tampe Bonnid\u00e9e Avec Amour"},"content":{"rendered":"<p>&Eacute;tampes de scrapbooking acryliques &#8220;Bonnid\u00e9e&#8221;. Vous pouvez vous servir de l&#8217;encre Distress, Memento, Versafine ou StaZon de Tsukineko pour &eacute;tamper vos formes.<\/p>\n<p>Grandeur approximative: 4 X 6 pouces<\/p>\n","protected":false},"excerpt":{"rendered":"<p>\u00c9tampe Bonnid\u00e9e <\/p>\n","protected":false},"featured_media":4772,"template":"","meta":{"_acf_changed":false},"product_brand":[],"product_cat":[120],"product_tag":[],"class_list":{"0":"post-4771","1":"product","2":"type-product","3":"status-publish","4":"has-post-thumbnail","6":"product_cat-etampe-bonnidee","7":"pa_brand_nc-stamphasia","9":"first","10":"instock","11":"taxable","12":"shipping-taxable","13":"purchasable","14":"product-type-simple"},"acf":[],"aioseo_notices":[],"_links":{"self":[{"href":"https:\/\/www.galerie-scrapbooking.com\/en\/wp-json\/wp\/v2\/product\/4771","targetHints":{"allow":["GET"]}}],"collection":[{"href":"https:\/\/www.galerie-scrapbooking.com\/en\/wp-json\/wp\/v2\/product"}],"about":[{"href":"https:\/\/www.galerie-scrapbooking.com\/en\/wp-json\/wp\/v2\/types\/product"}],"wp:featuredmedia":[{"embeddable":true,"href":"https:\/\/www.galerie-scrapbooking.com\/en\/wp-json\/wp\/v2\/media\/4772"}],"wp:attachment":[{"href":"https:\/\/www.galerie-scrapbooking.com\/en\/wp-json\/wp\/v2\/media?parent=4771"}],"wp:term":[{"taxonomy":"product_brand","embeddable":true,"href":"https:\/\/www.galerie-scrapbooking.com\/en\/wp-json\/wp\/v2\/product_brand?post=4771"},{"taxonomy":"product_cat","embeddable":true,"href":"https:\/\/www.galerie-scrapbooking.com\/en\/wp-json\/wp\/v2\/product_cat?post=4771"},{"taxonomy":"product_tag","embeddable":true,"href":"https:\/\/www.galerie-scrapbooking.com\/en\/wp-json\/wp\/v2\/product_tag?post=4771"}],"curies":[{"name":"wp","href":"https:\/\/api.w.org\/{rel}","templated":true}]}}