{"id":4752,"date":"2017-01-25T18:39:49","date_gmt":"2017-01-25T18:39:49","guid":{"rendered":"https:\/\/commparlimage.ca\/garage\/herazz\/?product=hero-arts-dies-coeurs"},"modified":"2024-11-08T14:38:16","modified_gmt":"2024-11-08T19:38:16","slug":"hero-arts-dies-coeurs","status":"publish","type":"product","link":"https:\/\/www.galerie-scrapbooking.com\/en\/produit\/hero-arts-dies-coeurs\/","title":{"rendered":"Hero Arts Dies Coeurs"},"content":{"rendered":"<p>Hero Arts matrice de d\u00e9coupes, pour d\u00e9couper parfaitement le papier, facile \u00e0 utiliser avec la Cuttlebug, Bigshot, Bigshot Pro, Platinum, Grand calibur ou autres machines du m\u00eame genre.<\/p>\n<p>10 matrices de d\u00e9coupes par paquet<\/p>\n<p>Grandeurs approximatives:<\/p>\n<p>La plus petite: 0.27 x 0.23 pouces<\/p>\n<p>La plus grande est de 4.66 x 4.11 pouces<\/p>\n","protected":false},"excerpt":{"rendered":"<p>Hero Arts Infinity Dies<\/p>\n","protected":false},"featured_media":4753,"template":"","meta":{"_acf_changed":false},"product_brand":[],"product_cat":[293],"product_tag":[],"class_list":{"0":"post-4752","1":"product","2":"type-product","3":"status-publish","4":"has-post-thumbnail","6":"product_cat-matrices-decoupes-hero-arts","7":"pa_brand_nc-hero-arts","9":"first","10":"instock","11":"taxable","12":"shipping-taxable","13":"purchasable","14":"product-type-simple"},"acf":[],"aioseo_notices":[],"_links":{"self":[{"href":"https:\/\/www.galerie-scrapbooking.com\/en\/wp-json\/wp\/v2\/product\/4752","targetHints":{"allow":["GET"]}}],"collection":[{"href":"https:\/\/www.galerie-scrapbooking.com\/en\/wp-json\/wp\/v2\/product"}],"about":[{"href":"https:\/\/www.galerie-scrapbooking.com\/en\/wp-json\/wp\/v2\/types\/product"}],"wp:featuredmedia":[{"embeddable":true,"href":"https:\/\/www.galerie-scrapbooking.com\/en\/wp-json\/wp\/v2\/media\/4753"}],"wp:attachment":[{"href":"https:\/\/www.galerie-scrapbooking.com\/en\/wp-json\/wp\/v2\/media?parent=4752"}],"wp:term":[{"taxonomy":"product_brand","embeddable":true,"href":"https:\/\/www.galerie-scrapbooking.com\/en\/wp-json\/wp\/v2\/product_brand?post=4752"},{"taxonomy":"product_cat","embeddable":true,"href":"https:\/\/www.galerie-scrapbooking.com\/en\/wp-json\/wp\/v2\/product_cat?post=4752"},{"taxonomy":"product_tag","embeddable":true,"href":"https:\/\/www.galerie-scrapbooking.com\/en\/wp-json\/wp\/v2\/product_tag?post=4752"}],"curies":[{"name":"wp","href":"https:\/\/api.w.org\/{rel}","templated":true}]}}