{"id":4692,"date":"2016-11-30T19:19:32","date_gmt":"2016-11-30T19:19:32","guid":{"rendered":"https:\/\/commparlimage.ca\/garage\/herazz\/?product=tim-holtz-mini-ciseaux-5-pouces"},"modified":"2026-01-21T12:00:46","modified_gmt":"2026-01-21T17:00:46","slug":"tim-holtz-mini-ciseaux-5-pouces","status":"publish","type":"product","link":"https:\/\/www.galerie-scrapbooking.com\/en\/produit\/tim-holtz-mini-ciseaux-5-pouces\/","title":{"rendered":"Tim Holtz mini Ciseaux 5 pouces"},"content":{"rendered":"<h1>Tim Holtz mini Ciseaux 5 pouces<\/h1>\n<p>Ces ciseaux, gr\u00e2ce \u00e0 ses poign\u00e9es larges, sont id\u00e9als pour couper tous types de mat\u00e9riels incluant<br \/>\nfeuilles de caoutchouc, vinyl et feuilles avec endos adh\u00e9sif. Ses lames,enduites d&#8217;un produit les rendant non-adh\u00e9sives, vous faciliteront la t\u00e2che et sont plus r\u00e9sistantes \u00e0 la corrosion et \u00e0 la rouille.<\/p>\n","protected":false},"excerpt":{"rendered":"<p>Tim Holtz Mini Scissors 5&#8243;<\/p>\n","protected":false},"featured_media":36748,"template":"","meta":{"_acf_changed":false},"product_brand":[],"product_cat":[131,386],"product_tag":[],"class_list":{"0":"post-4692","1":"product","2":"type-product","3":"status-publish","4":"has-post-thumbnail","6":"product_cat-outils-de-coupe-scrapbooking","7":"product_cat-tim-holtz-ranger","8":"pa_brand_nc-tim-holtz","10":"first","11":"instock","12":"taxable","13":"shipping-taxable","14":"purchasable","15":"product-type-simple"},"acf":[],"aioseo_notices":[],"_links":{"self":[{"href":"https:\/\/www.galerie-scrapbooking.com\/en\/wp-json\/wp\/v2\/product\/4692","targetHints":{"allow":["GET"]}}],"collection":[{"href":"https:\/\/www.galerie-scrapbooking.com\/en\/wp-json\/wp\/v2\/product"}],"about":[{"href":"https:\/\/www.galerie-scrapbooking.com\/en\/wp-json\/wp\/v2\/types\/product"}],"wp:featuredmedia":[{"embeddable":true,"href":"https:\/\/www.galerie-scrapbooking.com\/en\/wp-json\/wp\/v2\/media\/36748"}],"wp:attachment":[{"href":"https:\/\/www.galerie-scrapbooking.com\/en\/wp-json\/wp\/v2\/media?parent=4692"}],"wp:term":[{"taxonomy":"product_brand","embeddable":true,"href":"https:\/\/www.galerie-scrapbooking.com\/en\/wp-json\/wp\/v2\/product_brand?post=4692"},{"taxonomy":"product_cat","embeddable":true,"href":"https:\/\/www.galerie-scrapbooking.com\/en\/wp-json\/wp\/v2\/product_cat?post=4692"},{"taxonomy":"product_tag","embeddable":true,"href":"https:\/\/www.galerie-scrapbooking.com\/en\/wp-json\/wp\/v2\/product_tag?post=4692"}],"curies":[{"name":"wp","href":"https:\/\/api.w.org\/{rel}","templated":true}]}}