{"id":4530,"date":"2016-09-13T12:36:47","date_gmt":"2016-09-13T12:36:47","guid":{"rendered":"https:\/\/commparlimage.ca\/garage\/herazz\/?product=altenew-dies-wild-hibiscus"},"modified":"2023-12-24T10:05:03","modified_gmt":"2023-12-24T15:05:03","slug":"altenew-dies-wild-hibiscus","status":"publish","type":"product","link":"https:\/\/www.galerie-scrapbooking.com\/en\/produit\/altenew-dies-wild-hibiscus\/","title":{"rendered":"Altenew Dies Wild Hibiscus"},"content":{"rendered":"<p>Matrices de d\u00e9coupes Altenew qui s&#8217;hamonisent parfaitement avec les \u00e9tampes Altenew du m\u00eame nom. D\u00e9coupez avec vos appareils Cuttlebug, Bigshot, Grand Calibur, Platinum, et autres appareils qui acceptent ce type de matrice.<\/p>\n","protected":false},"excerpt":{"rendered":"<p>Altenew Die set<\/p>\n","protected":false},"featured_media":4531,"template":"","meta":{"_acf_changed":false},"product_brand":[],"product_cat":[39],"product_tag":[],"class_list":{"0":"post-4530","1":"product","2":"type-product","3":"status-publish","4":"has-post-thumbnail","6":"product_cat-liquidation-scrapbooking","7":"pa_brand_nc-altenew","9":"first","10":"instock","11":"sale","12":"taxable","13":"shipping-taxable","14":"purchasable","15":"product-type-simple"},"acf":[],"aioseo_notices":[],"_links":{"self":[{"href":"https:\/\/www.galerie-scrapbooking.com\/en\/wp-json\/wp\/v2\/product\/4530","targetHints":{"allow":["GET"]}}],"collection":[{"href":"https:\/\/www.galerie-scrapbooking.com\/en\/wp-json\/wp\/v2\/product"}],"about":[{"href":"https:\/\/www.galerie-scrapbooking.com\/en\/wp-json\/wp\/v2\/types\/product"}],"wp:featuredmedia":[{"embeddable":true,"href":"https:\/\/www.galerie-scrapbooking.com\/en\/wp-json\/wp\/v2\/media\/4531"}],"wp:attachment":[{"href":"https:\/\/www.galerie-scrapbooking.com\/en\/wp-json\/wp\/v2\/media?parent=4530"}],"wp:term":[{"taxonomy":"product_brand","embeddable":true,"href":"https:\/\/www.galerie-scrapbooking.com\/en\/wp-json\/wp\/v2\/product_brand?post=4530"},{"taxonomy":"product_cat","embeddable":true,"href":"https:\/\/www.galerie-scrapbooking.com\/en\/wp-json\/wp\/v2\/product_cat?post=4530"},{"taxonomy":"product_tag","embeddable":true,"href":"https:\/\/www.galerie-scrapbooking.com\/en\/wp-json\/wp\/v2\/product_tag?post=4530"}],"curies":[{"name":"wp","href":"https:\/\/api.w.org\/{rel}","templated":true}]}}