{"id":4381,"date":"2016-06-29T19:21:58","date_gmt":"2016-06-29T19:21:58","guid":{"rendered":"https:\/\/commparlimage.ca\/garage\/herazz\/?product=equerre-en-t-12-pouces"},"modified":"2026-04-02T17:29:29","modified_gmt":"2026-04-02T21:29:29","slug":"equerre-en-t-12-pouces","status":"publish","type":"product","link":"https:\/\/www.galerie-scrapbooking.com\/en\/produit\/equerre-en-t-12-pouces\/","title":{"rendered":"\u00c9querre en T 12 pouces"},"content":{"rendered":"<p>R\u00e8gle et \u00e9querre en T, vous permet de faire des lignes horizontales droites facilement.<\/p>\n<p>Graduation en pouces et m\u00e9trique.<\/p>\n<p>Fairt de plastique durable et transparent.<\/p>\n","protected":false},"excerpt":{"rendered":"<p>Junior T-Square 12&#8243;<\/p>\n","protected":false},"featured_media":4382,"template":"","meta":{"_acf_changed":false},"product_brand":[],"product_cat":[123,132],"product_tag":[],"class_list":{"0":"post-4381","1":"product","2":"type-product","3":"status-publish","4":"has-post-thumbnail","6":"product_cat-etampe-scrapbooking-accessoires","7":"product_cat-outils-accessoires-autres","8":"pa_brand_nc-autres","10":"first","11":"instock","12":"taxable","13":"shipping-taxable","14":"purchasable","15":"product-type-simple"},"acf":[],"aioseo_notices":[],"_links":{"self":[{"href":"https:\/\/www.galerie-scrapbooking.com\/en\/wp-json\/wp\/v2\/product\/4381","targetHints":{"allow":["GET"]}}],"collection":[{"href":"https:\/\/www.galerie-scrapbooking.com\/en\/wp-json\/wp\/v2\/product"}],"about":[{"href":"https:\/\/www.galerie-scrapbooking.com\/en\/wp-json\/wp\/v2\/types\/product"}],"wp:featuredmedia":[{"embeddable":true,"href":"https:\/\/www.galerie-scrapbooking.com\/en\/wp-json\/wp\/v2\/media\/4382"}],"wp:attachment":[{"href":"https:\/\/www.galerie-scrapbooking.com\/en\/wp-json\/wp\/v2\/media?parent=4381"}],"wp:term":[{"taxonomy":"product_brand","embeddable":true,"href":"https:\/\/www.galerie-scrapbooking.com\/en\/wp-json\/wp\/v2\/product_brand?post=4381"},{"taxonomy":"product_cat","embeddable":true,"href":"https:\/\/www.galerie-scrapbooking.com\/en\/wp-json\/wp\/v2\/product_cat?post=4381"},{"taxonomy":"product_tag","embeddable":true,"href":"https:\/\/www.galerie-scrapbooking.com\/en\/wp-json\/wp\/v2\/product_tag?post=4381"}],"curies":[{"name":"wp","href":"https:\/\/api.w.org\/{rel}","templated":true}]}}